{"id":310,"date":"2015-06-08T14:00:26","date_gmt":"2015-06-08T18:00:26","guid":{"rendered":"http:\/\/adoptionone.ca\/?page_id=310"},"modified":"2021-05-30T22:35:52","modified_gmt":"2021-05-31T02:35:52","slug":"pour-nous-rejoindre","status":"publish","type":"page","link":"https:\/\/adoptionone.ca\/fr\/pour-nous-rejoindre\/","title":{"rendered":"Pour nous rejoindre"},"content":{"rendered":"<div class=\"wpb-content-wrapper\"><p>[vc_row][vc_column][vc_column_text]<\/p>\n<h5 style=\"text-align: center;\"><span style=\"color: #808080;\">Merci pour votre int\u00e9r\u00eat avec Adoption O.N.E., nous serons heureux de vous aider.<\/span><\/h5>\n<p>[\/vc_column_text][\/vc_column][\/vc_row][vc_row][vc_column width=\u00a0\u00bb1\/2&Prime;]\n<div class=\"wpcf7 no-js\" id=\"wpcf7-f1256-o1\" lang=\"en-US\" dir=\"ltr\" data-wpcf7-id=\"1256\">\n<div class=\"screen-reader-response\"><p role=\"status\" aria-live=\"polite\" aria-atomic=\"true\"><\/p> <ul><\/ul><\/div>\n<form action=\"\/fr\/wp-json\/wp\/v2\/pages\/310#wpcf7-f1256-o1\" method=\"post\" class=\"wpcf7-form init\" aria-label=\"Contact form\" novalidate=\"novalidate\" data-status=\"init\">\n<fieldset class=\"hidden-fields-container\"><input type=\"hidden\" name=\"_wpcf7\" value=\"1256\" \/><input type=\"hidden\" name=\"_wpcf7_version\" value=\"6.1.5\" \/><input type=\"hidden\" name=\"_wpcf7_locale\" value=\"en_US\" \/><input type=\"hidden\" name=\"_wpcf7_unit_tag\" value=\"wpcf7-f1256-o1\" \/><input type=\"hidden\" name=\"_wpcf7_container_post\" value=\"0\" \/><input type=\"hidden\" name=\"_wpcf7_posted_data_hash\" value=\"\" \/><input type=\"hidden\" name=\"_wpcf7_recaptcha_response\" value=\"\" \/>\n<\/fieldset>\n<p><label><span class=\"wpcf7-form-control-wrap\" data-name=\"your-name\"><input size=\"40\" maxlength=\"400\" class=\"wpcf7-form-control wpcf7-text wpcf7-validates-as-required\" aria-required=\"true\" aria-invalid=\"false\" placeholder=\"Your Name\" value=\"\" type=\"text\" name=\"your-name\" \/><\/span> <\/label><label><span class=\"wpcf7-form-control-wrap\" data-name=\"your-email\"><input size=\"40\" maxlength=\"400\" class=\"wpcf7-form-control wpcf7-email wpcf7-validates-as-required wpcf7-text wpcf7-validates-as-email\" aria-required=\"true\" aria-invalid=\"false\" placeholder=\"Your Email\" value=\"\" type=\"email\" name=\"your-email\" \/><\/span> <\/label><label><span class=\"wpcf7-form-control-wrap\" data-name=\"your-phone\"><input size=\"40\" maxlength=\"400\" class=\"wpcf7-form-control wpcf7-tel wpcf7-validates-as-required wpcf7-text wpcf7-validates-as-tel\" aria-required=\"true\" aria-invalid=\"false\" placeholder=\"Your Phone Number\" value=\"\" type=\"tel\" name=\"your-phone\" \/><\/span> <\/label><label><span class=\"wpcf7-form-control-wrap\" data-name=\"your-subject\"><input size=\"40\" maxlength=\"400\" class=\"wpcf7-form-control wpcf7-text wpcf7-validates-as-required\" aria-required=\"true\" aria-invalid=\"false\" placeholder=\"Subject\" value=\"\" type=\"text\" name=\"your-subject\" \/><\/span> <\/label><label><span class=\"wpcf7-form-control-wrap\" data-name=\"your-message\"><textarea cols=\"40\" rows=\"10\" maxlength=\"2000\" class=\"wpcf7-form-control wpcf7-textarea\" aria-invalid=\"false\" placeholder=\"Your message\" name=\"your-message\"><\/textarea><\/span> <\/label>\n<\/p>\n<p><label><strong>*If you don't see our response in your Inbox please check your Junk folder.<\/strong><\/label>\n<\/p>\n<p><input class=\"wpcf7-form-control wpcf7-submit has-spinner\" type=\"submit\" value=\"Submit\" \/>\n<\/p><div class=\"wpcf7-response-output\" aria-hidden=\"true\"><\/div>\n<\/form>\n<\/div>\n[\/vc_column][vc_column width=\u00a0\u00bb1\/2&Prime;][vc_column_text]<\/p>\n<h5 style=\"text-align: center;\">ADRESSE:<br \/>\n<span style=\"color: #656565;\">135 est, boulevard Algonquin<\/span><span style=\"color: #656565;\"><br \/>\nTimmins ON Canada<\/span><br \/>\n<span style=\"color: #656565;\">P4N 1A8<\/span><\/h5>\n<p>&nbsp;<\/p>\n<h5 style=\"text-align: center;\">T\u00c9L\u00c9PHONE:<br \/>\n<span style=\"color: #656565;\">705 288 0206<\/span><\/h5>\n<p>&nbsp;<\/p>\n<h5 style=\"text-align: center;\">T\u00c9L\u00c9COPIEUR:<br \/>\n<span style=\"color: #656565;\">705 264 3297<\/span><\/h5>\n<p>&nbsp;<\/p>\n<h5 style=\"text-align: center;\">COURRIEL:<\/h5>\n<h5 style=\"text-align: center;\">EMAIL:<br \/>\n<span style=\"color: #656565;\"><a href=\"mailto:info@adoptionone.ca\">info@adoptionone.ca<\/a><\/span><\/h5>\n<p>&nbsp;<\/p>\n<h5 style=\"text-align: center;\">FACEBOOK:<br \/>\n<span style=\"color: #656565;\"><a href=\"http:\/\/www.facebook.com\/adoptionone\" target=\"_blank\" rel=\"noopener\">www.facebook.com\/adoptionone<\/a><\/span><\/h5>\n<p>[\/vc_column_text][\/vc_column][\/vc_row][vc_row section_type=\u00a0\u00bbfullwidth-element\u00a0\u00bb footer_feature=\u00a0\u00bbyes\u00a0\u00bb][vc_column]<div class=\"grve-map-wrapper\"><div style=\"display:none\" class=\"grve-map-point\" data-point-lat=\"48.4760211\" data-point-lng=\"-81.3314455\" data-point-marker=\"https:\/\/adoptionone.ca\/wp-content\/uploads\/2015\/03\/MapMarker.png\" data-point-title=\"\"><\/div><div class=\"grve-element grve-map\" data-lat=\"48.4760211\" data-lng=\"-81.3314455\" data-zoom=\"14\" style=\"height: 320px;\"><\/div><\/div>[\/vc_column][\/vc_row]<\/p>\n<\/div>","protected":false},"excerpt":{"rendered":"<p>[vc_row][vc_column][vc_column_text] Merci pour votre int\u00e9r\u00eat avec Adoption O.N.E., nous serons heureux de vous aider. [\/vc_column_text][\/vc_column][\/vc_row][vc_row][vc_column width=\u00a0\u00bb1\/2&Prime;][\/vc_column][vc_column width=\u00a0\u00bb1\/2&Prime;][vc_column_text] ADRESSE: 135 est, boulevard Algonquin Timmins ON Canada P4N 1A8 &nbsp; T\u00c9L\u00c9PHONE: 705 [&hellip;]<\/p>\n","protected":false},"author":1,"featured_media":0,"parent":0,"menu_order":0,"comment_status":"open","ping_status":"open","template":"","meta":{"footnotes":""},"class_list":["post-310","page","type-page","status-publish","hentry"],"yoast_head":"<!-- This site is optimized with the Yoast SEO plugin v27.4 - https:\/\/yoast.com\/product\/yoast-seo-wordpress\/ -->\n<title>Pour nous rejoindre - Adoption One<\/title>\n<meta name=\"description\" content=\"Pour question, commentaire ou inspiration, nous rejoindre selon votre m\u00e9thode pr\u00e9f\u00e9r\u00e9e. Nous serons heureux d\u2019avoir de vos nouvelles. Contactez-nous.\" \/>\n<meta name=\"robots\" content=\"index, follow, max-snippet:-1, max-image-preview:large, max-video-preview:-1\" \/>\n<link rel=\"canonical\" href=\"https:\/\/adoptionone.ca\/fr\/pour-nous-rejoindre\/\" \/>\n<meta property=\"og:locale\" content=\"fr_FR\" \/>\n<meta property=\"og:type\" content=\"article\" \/>\n<meta property=\"og:title\" content=\"Pour nous rejoindre - Adoption One\" \/>\n<meta property=\"og:description\" content=\"Pour question, commentaire ou inspiration, nous rejoindre selon votre m\u00e9thode pr\u00e9f\u00e9r\u00e9e. Nous serons heureux d\u2019avoir de vos nouvelles. Contactez-nous.\" \/>\n<meta property=\"og:url\" content=\"https:\/\/adoptionone.ca\/fr\/pour-nous-rejoindre\/\" \/>\n<meta property=\"og:site_name\" content=\"Adoption One\" \/>\n<meta property=\"article:publisher\" content=\"https:\/\/www.facebook.com\/adoptionone\" \/>\n<meta property=\"article:modified_time\" content=\"2021-05-31T02:35:52+00:00\" \/>\n<meta property=\"og:image\" content=\"https:\/\/adoptionone.ca\/wp-content\/uploads\/2015\/07\/FacebookIcon.jpg\" \/>\n\t<meta property=\"og:image:width\" content=\"560\" \/>\n\t<meta property=\"og:image:height\" content=\"292\" \/>\n\t<meta property=\"og:image:type\" content=\"image\/jpeg\" \/>\n<meta name=\"twitter:label1\" content=\"Dur\u00e9e de lecture estim\u00e9e\" \/>\n\t<meta name=\"twitter:data1\" content=\"1 minute\" \/>\n<script type=\"application\/ld+json\" class=\"yoast-schema-graph\">{\"@context\":\"https:\\\/\\\/schema.org\",\"@graph\":[{\"@type\":\"WebPage\",\"@id\":\"https:\\\/\\\/adoptionone.ca\\\/fr\\\/pour-nous-rejoindre\\\/\",\"url\":\"https:\\\/\\\/adoptionone.ca\\\/fr\\\/pour-nous-rejoindre\\\/\",\"name\":\"Pour nous rejoindre - Adoption One\",\"isPartOf\":{\"@id\":\"https:\\\/\\\/adoptionone.ca\\\/#website\"},\"datePublished\":\"2015-06-08T18:00:26+00:00\",\"dateModified\":\"2021-05-31T02:35:52+00:00\",\"description\":\"Pour question, commentaire ou inspiration, nous rejoindre selon votre m\u00e9thode pr\u00e9f\u00e9r\u00e9e. Nous serons heureux d\u2019avoir de vos nouvelles. Contactez-nous.\",\"breadcrumb\":{\"@id\":\"https:\\\/\\\/adoptionone.ca\\\/fr\\\/pour-nous-rejoindre\\\/#breadcrumb\"},\"inLanguage\":\"fr-FR\",\"potentialAction\":[{\"@type\":\"ReadAction\",\"target\":[\"https:\\\/\\\/adoptionone.ca\\\/fr\\\/pour-nous-rejoindre\\\/\"]}]},{\"@type\":\"BreadcrumbList\",\"@id\":\"https:\\\/\\\/adoptionone.ca\\\/fr\\\/pour-nous-rejoindre\\\/#breadcrumb\",\"itemListElement\":[{\"@type\":\"ListItem\",\"position\":1,\"name\":\"Home\",\"item\":\"https:\\\/\\\/adoptionone.ca\\\/fr\\\/\"},{\"@type\":\"ListItem\",\"position\":2,\"name\":\"Pour nous rejoindre\"}]},{\"@type\":\"WebSite\",\"@id\":\"https:\\\/\\\/adoptionone.ca\\\/#website\",\"url\":\"https:\\\/\\\/adoptionone.ca\\\/\",\"name\":\"Adoption One\",\"description\":\"\",\"potentialAction\":[{\"@type\":\"SearchAction\",\"target\":{\"@type\":\"EntryPoint\",\"urlTemplate\":\"https:\\\/\\\/adoptionone.ca\\\/?s={search_term_string}\"},\"query-input\":{\"@type\":\"PropertyValueSpecification\",\"valueRequired\":true,\"valueName\":\"search_term_string\"}}],\"inLanguage\":\"fr-FR\"}]}<\/script>\n<!-- \/ Yoast SEO plugin. -->","yoast_head_json":{"title":"Pour nous rejoindre - Adoption One","description":"Pour question, commentaire ou inspiration, nous rejoindre selon votre m\u00e9thode pr\u00e9f\u00e9r\u00e9e. Nous serons heureux d\u2019avoir de vos nouvelles. Contactez-nous.","robots":{"index":"index","follow":"follow","max-snippet":"max-snippet:-1","max-image-preview":"max-image-preview:large","max-video-preview":"max-video-preview:-1"},"canonical":"https:\/\/adoptionone.ca\/fr\/pour-nous-rejoindre\/","og_locale":"fr_FR","og_type":"article","og_title":"Pour nous rejoindre - Adoption One","og_description":"Pour question, commentaire ou inspiration, nous rejoindre selon votre m\u00e9thode pr\u00e9f\u00e9r\u00e9e. Nous serons heureux d\u2019avoir de vos nouvelles. Contactez-nous.","og_url":"https:\/\/adoptionone.ca\/fr\/pour-nous-rejoindre\/","og_site_name":"Adoption One","article_publisher":"https:\/\/www.facebook.com\/adoptionone","article_modified_time":"2021-05-31T02:35:52+00:00","og_image":[{"width":560,"height":292,"url":"https:\/\/adoptionone.ca\/wp-content\/uploads\/2015\/07\/FacebookIcon.jpg","type":"image\/jpeg"}],"twitter_misc":{"Dur\u00e9e de lecture estim\u00e9e":"1 minute"},"schema":{"@context":"https:\/\/schema.org","@graph":[{"@type":"WebPage","@id":"https:\/\/adoptionone.ca\/fr\/pour-nous-rejoindre\/","url":"https:\/\/adoptionone.ca\/fr\/pour-nous-rejoindre\/","name":"Pour nous rejoindre - Adoption One","isPartOf":{"@id":"https:\/\/adoptionone.ca\/#website"},"datePublished":"2015-06-08T18:00:26+00:00","dateModified":"2021-05-31T02:35:52+00:00","description":"Pour question, commentaire ou inspiration, nous rejoindre selon votre m\u00e9thode pr\u00e9f\u00e9r\u00e9e. Nous serons heureux d\u2019avoir de vos nouvelles. Contactez-nous.","breadcrumb":{"@id":"https:\/\/adoptionone.ca\/fr\/pour-nous-rejoindre\/#breadcrumb"},"inLanguage":"fr-FR","potentialAction":[{"@type":"ReadAction","target":["https:\/\/adoptionone.ca\/fr\/pour-nous-rejoindre\/"]}]},{"@type":"BreadcrumbList","@id":"https:\/\/adoptionone.ca\/fr\/pour-nous-rejoindre\/#breadcrumb","itemListElement":[{"@type":"ListItem","position":1,"name":"Home","item":"https:\/\/adoptionone.ca\/fr\/"},{"@type":"ListItem","position":2,"name":"Pour nous rejoindre"}]},{"@type":"WebSite","@id":"https:\/\/adoptionone.ca\/#website","url":"https:\/\/adoptionone.ca\/","name":"Adoption One","description":"","potentialAction":[{"@type":"SearchAction","target":{"@type":"EntryPoint","urlTemplate":"https:\/\/adoptionone.ca\/?s={search_term_string}"},"query-input":{"@type":"PropertyValueSpecification","valueRequired":true,"valueName":"search_term_string"}}],"inLanguage":"fr-FR"}]}},"_links":{"self":[{"href":"https:\/\/adoptionone.ca\/fr\/wp-json\/wp\/v2\/pages\/310","targetHints":{"allow":["GET"]}}],"collection":[{"href":"https:\/\/adoptionone.ca\/fr\/wp-json\/wp\/v2\/pages"}],"about":[{"href":"https:\/\/adoptionone.ca\/fr\/wp-json\/wp\/v2\/types\/page"}],"author":[{"embeddable":true,"href":"https:\/\/adoptionone.ca\/fr\/wp-json\/wp\/v2\/users\/1"}],"replies":[{"embeddable":true,"href":"https:\/\/adoptionone.ca\/fr\/wp-json\/wp\/v2\/comments?post=310"}],"version-history":[{"count":10,"href":"https:\/\/adoptionone.ca\/fr\/wp-json\/wp\/v2\/pages\/310\/revisions"}],"predecessor-version":[{"id":732,"href":"https:\/\/adoptionone.ca\/fr\/wp-json\/wp\/v2\/pages\/310\/revisions\/732"}],"wp:attachment":[{"href":"https:\/\/adoptionone.ca\/fr\/wp-json\/wp\/v2\/media?parent=310"}],"curies":[{"name":"wp","href":"https:\/\/api.w.org\/{rel}","templated":true}]}}