{"id":306,"date":"2015-06-08T13:53:08","date_gmt":"2015-06-08T17:53:08","guid":{"rendered":"http:\/\/adoptionone.ca\/?page_id=306"},"modified":"2016-04-21T11:26:49","modified_gmt":"2016-04-21T15:26:49","slug":"profils-de-parents","status":"publish","type":"page","link":"https:\/\/adoptionone.ca\/fr\/profils-de-parents\/","title":{"rendered":"Profils de parents"},"content":{"rendered":"<div class=\"wpb-content-wrapper\"><p>[vc_row][vc_column][vc_column_text]<\/p>\n<h4 style=\"text-align: center;\"><span style=\"color: #808080;\">Si vous \u00eates enceintes et pensez placer votre b\u00e9b\u00e9 en adoption, examinez ces profils de familles qui attendent. Ils aimeraient tellement \u00eatre parents.\u00a0 Nous avons plusieurs autres familles qui attendent.\u00a0 Contactez-nous et nous pourrons vous aider \u00e0 faire un choix qui vous convient.<\/span><\/h4>\n<p>[\/vc_column_text][\/vc_column][\/vc_row][vc_row][vc_column]\t\t\t<div class=\"grve-element grve-portfolio grve-isotope\" style=\"\" data-gutter=\"yes\" data-spinner=\"no\" data-type=\"3-columns\" data-layout=\"fitRows\">\r\n\t\t\r\n\t\t\t<div class=\"grve-isotope-container\">\r\n\t\t\t\t\t\t\t<article id=\"portfolio-1973-69eb719b339f5\" class=\"grve-isotope-item grve-portfolio-item  post-1973 portfolio type-portfolio status-publish has-post-thumbnail hentry\">\r\n\t\t\t\t\t\t\t\t\t\t\t\t\t\t\t\t\t\t<a href=\"https:\/\/adoptionone.ca\/fr\/portfolio\/julie-et-pascal\/\">\r\n\t\t\t\t\t\t\t\t\t\t\t<figure class=\"grve-hover-style-1 grve-image-hover grve-zoom-in grve-light\">\r\n\t\t\t\t\t\t\t\t\t\t\t\t\t\t\t\t<div class=\"grve-media grve-light-overlay grve-opacity-80\">\r\n\t\t\t\t\t\t\t\t\t<img loading=\"lazy\" decoding=\"async\" width=\"560\" height=\"560\" src=\"https:\/\/adoptionone.ca\/wp-content\/uploads\/2025\/05\/1-couple--560x560.jpg\" class=\"attachment-grve-image-small-square size-grve-image-small-square\" alt=\"\" srcset=\"https:\/\/adoptionone.ca\/wp-content\/uploads\/2025\/05\/1-couple--560x560.jpg 560w, https:\/\/adoptionone.ca\/wp-content\/uploads\/2025\/05\/1-couple--150x150.jpg 150w, https:\/\/adoptionone.ca\/wp-content\/uploads\/2025\/05\/1-couple--80x80.jpg 80w, https:\/\/adoptionone.ca\/wp-content\/uploads\/2025\/05\/1-couple--1120x1120.jpg 1120w\" sizes=\"auto, (max-width: 560px) 100vw, 560px\" \/>\t\t\t\t\t\t\t\t<\/div>\r\n\t\t\t\t\t\t\t\t<figcaption>\r\n\t\t\t\t\t\t\t\t\t\t\t\t\t\t\t\t\t\t<h6 class=\"grve-title grve-light\">Julie et Pascal<\/h6>\r\n\t\t\t\t\t\t\t\t\t\t\t\t\t\t\t\t\t\t\t\t\t\t\t\t\t\t\t\t\t\t\t\t\t\t\t\t<span class=\"grve-portfolio-btns\">Pour en savoir plus<\/span>\r\n\t\t\t\t\t\t\t\t\t\t\t\t\t\t\t\t\t<\/figcaption>\r\n\t\t\t\t\t\t\t<\/figure>\r\n\t\t\t\t\t\t\t<\/a>\t\t\t\t\t\t\t\t\t\t\t\t\t\r\n\t\t\t\t\t<\/article>\r\n\t\t\t\t\t<article id=\"portfolio-1956-69eb719b3486c\" class=\"grve-isotope-item grve-portfolio-item  post-1956 portfolio type-portfolio status-publish has-post-thumbnail hentry\">\r\n\t\t\t\t\t\t\t\t\t\t\t\t\t\t\t\t\t\t<a href=\"https:\/\/adoptionone.ca\/fr\/portfolio\/rafid-superna\/\">\r\n\t\t\t\t\t\t\t\t\t\t\t<figure class=\"grve-hover-style-1 grve-image-hover grve-zoom-in grve-light\">\r\n\t\t\t\t\t\t\t\t\t\t\t\t\t\t\t\t<div class=\"grve-media grve-light-overlay grve-opacity-80\">\r\n\t\t\t\t\t\t\t\t\t<img loading=\"lazy\" decoding=\"async\" width=\"1\" height=\"1\" src=\"https:\/\/adoptionone.ca\/wp-content\/uploads\/2025\/04\/Adoption-ONE-Profile-3.tiff\" class=\"attachment-grve-image-small-square size-grve-image-small-square\" alt=\"\" \/>\t\t\t\t\t\t\t\t<\/div>\r\n\t\t\t\t\t\t\t\t<figcaption>\r\n\t\t\t\t\t\t\t\t\t\t\t\t\t\t\t\t\t\t<h6 class=\"grve-title grve-light\">Rafid &#038; Superna<\/h6>\r\n\t\t\t\t\t\t\t\t\t\t\t\t\t\t\t\t\t\t\t\t\t\t\t\t\t\t\t\t\t\t\t\t\t\t\t\t<span class=\"grve-portfolio-btns\">Pour en savoir plus<\/span>\r\n\t\t\t\t\t\t\t\t\t\t\t\t\t\t\t\t\t<\/figcaption>\r\n\t\t\t\t\t\t\t<\/figure>\r\n\t\t\t\t\t\t\t<\/a>\t\t\t\t\t\t\t\t\t\t\t\t\t\r\n\t\t\t\t\t<\/article>\r\n\t\t\t\t\t<article id=\"portfolio-1909-69eb719b35008\" class=\"grve-isotope-item grve-portfolio-item  post-1909 portfolio type-portfolio status-publish has-post-thumbnail hentry\">\r\n\t\t\t\t\t\t\t\t\t\t\t\t\t\t\t\t\t\t<a href=\"https:\/\/adoptionone.ca\/fr\/portfolio\/shannon-concetta\/\">\r\n\t\t\t\t\t\t\t\t\t\t\t<figure class=\"grve-hover-style-1 grve-image-hover grve-zoom-in grve-light\">\r\n\t\t\t\t\t\t\t\t\t\t\t\t\t\t\t\t<div class=\"grve-media grve-light-overlay grve-opacity-80\">\r\n\t\t\t\t\t\t\t\t\t<img loading=\"lazy\" decoding=\"async\" width=\"504\" height=\"560\" src=\"https:\/\/adoptionone.ca\/wp-content\/uploads\/2024\/12\/Picture4-504x560.jpg\" class=\"attachment-grve-image-small-square size-grve-image-small-square\" alt=\"\" \/>\t\t\t\t\t\t\t\t<\/div>\r\n\t\t\t\t\t\t\t\t<figcaption>\r\n\t\t\t\t\t\t\t\t\t\t\t\t\t\t\t\t\t\t<h6 class=\"grve-title grve-light\">Shannon &#038; Concetta<\/h6>\r\n\t\t\t\t\t\t\t\t\t\t\t\t\t\t\t\t\t\t\t\t\t\t\t\t\t\t\t\t\t\t\t\t\t\t\t\t<span class=\"grve-portfolio-btns\">Pour en savoir plus<\/span>\r\n\t\t\t\t\t\t\t\t\t\t\t\t\t\t\t\t\t<\/figcaption>\r\n\t\t\t\t\t\t\t<\/figure>\r\n\t\t\t\t\t\t\t<\/a>\t\t\t\t\t\t\t\t\t\t\t\t\t\r\n\t\t\t\t\t<\/article>\r\n\t\t\t\t\t<article id=\"portfolio-1793-69eb719b357ee\" class=\"grve-isotope-item grve-portfolio-item  post-1793 portfolio type-portfolio status-publish has-post-thumbnail hentry\">\r\n\t\t\t\t\t\t\t\t\t\t\t\t\t\t\t\t\t\t<a href=\"https:\/\/adoptionone.ca\/fr\/portfolio\/amber-riley\/\">\r\n\t\t\t\t\t\t\t\t\t\t\t<figure class=\"grve-hover-style-1 grve-image-hover grve-zoom-in grve-light\">\r\n\t\t\t\t\t\t\t\t\t\t\t\t\t\t\t\t<div class=\"grve-media grve-light-overlay grve-opacity-80\">\r\n\t\t\t\t\t\t\t\t\t<img loading=\"lazy\" decoding=\"async\" width=\"560\" height=\"560\" src=\"https:\/\/adoptionone.ca\/wp-content\/uploads\/2023\/04\/image0-1-560x560.jpeg\" class=\"attachment-grve-image-small-square size-grve-image-small-square\" alt=\"\" srcset=\"https:\/\/adoptionone.ca\/wp-content\/uploads\/2023\/04\/image0-1-560x560.jpeg 560w, https:\/\/adoptionone.ca\/wp-content\/uploads\/2023\/04\/image0-1-150x150.jpeg 150w, https:\/\/adoptionone.ca\/wp-content\/uploads\/2023\/04\/image0-1-80x80.jpeg 80w, https:\/\/adoptionone.ca\/wp-content\/uploads\/2023\/04\/image0-1-1120x1120.jpeg 1120w\" sizes=\"auto, (max-width: 560px) 100vw, 560px\" \/>\t\t\t\t\t\t\t\t<\/div>\r\n\t\t\t\t\t\t\t\t<figcaption>\r\n\t\t\t\t\t\t\t\t\t\t\t\t\t\t\t\t\t\t<h6 class=\"grve-title grve-light\">Amber &#038; Riley<\/h6>\r\n\t\t\t\t\t\t\t\t\t\t\t\t\t\t\t\t\t\t\t\t\t\t\t\t\t\t\t\t\t\t\t\t\t\t\t\t<span class=\"grve-portfolio-btns\">Pour en savoir plus<\/span>\r\n\t\t\t\t\t\t\t\t\t\t\t\t\t\t\t\t\t<\/figcaption>\r\n\t\t\t\t\t\t\t<\/figure>\r\n\t\t\t\t\t\t\t<\/a>\t\t\t\t\t\t\t\t\t\t\t\t\t\r\n\t\t\t\t\t<\/article>\r\n\t\t\t\t\t<article id=\"portfolio-1674-69eb719b36088\" class=\"grve-isotope-item grve-portfolio-item  post-1674 portfolio type-portfolio status-publish has-post-thumbnail hentry\">\r\n\t\t\t\t\t\t\t\t\t\t\t\t\t\t\t\t\t\t<a href=\"https:\/\/adoptionone.ca\/fr\/portfolio\/1674\/\">\r\n\t\t\t\t\t\t\t\t\t\t\t<figure class=\"grve-hover-style-1 grve-image-hover grve-zoom-in grve-light\">\r\n\t\t\t\t\t\t\t\t\t\t\t\t\t\t\t\t<div class=\"grve-media grve-light-overlay grve-opacity-80\">\r\n\t\t\t\t\t\t\t\t\t<img loading=\"lazy\" decoding=\"async\" width=\"560\" height=\"560\" src=\"https:\/\/adoptionone.ca\/wp-content\/uploads\/2022\/05\/PXL_20241221_0105331182-560x560.jpg\" class=\"attachment-grve-image-small-square size-grve-image-small-square\" alt=\"\" srcset=\"https:\/\/adoptionone.ca\/wp-content\/uploads\/2022\/05\/PXL_20241221_0105331182-560x560.jpg 560w, https:\/\/adoptionone.ca\/wp-content\/uploads\/2022\/05\/PXL_20241221_0105331182-150x150.jpg 150w, https:\/\/adoptionone.ca\/wp-content\/uploads\/2022\/05\/PXL_20241221_0105331182-80x80.jpg 80w, https:\/\/adoptionone.ca\/wp-content\/uploads\/2022\/05\/PXL_20241221_0105331182-1120x1120.jpg 1120w\" sizes=\"auto, (max-width: 560px) 100vw, 560px\" \/>\t\t\t\t\t\t\t\t<\/div>\r\n\t\t\t\t\t\t\t\t<figcaption>\r\n\t\t\t\t\t\t\t\t\t\t\t\t\t\t\t\t\t\t<h6 class=\"grve-title grve-light\">Jason<\/h6>\r\n\t\t\t\t\t\t\t\t\t\t\t\t\t\t\t\t\t\t\t\t\t\t\t\t\t\t\t\t\t\t\t\t\t\t\t\t<span class=\"grve-portfolio-btns\">Pour en savoir plus<\/span>\r\n\t\t\t\t\t\t\t\t\t\t\t\t\t\t\t\t\t<\/figcaption>\r\n\t\t\t\t\t\t\t<\/figure>\r\n\t\t\t\t\t\t\t<\/a>\t\t\t\t\t\t\t\t\t\t\t\t\t\r\n\t\t\t\t\t<\/article>\r\n\t\t\t\t<\/div>\r\n\t\t\t<\/div>\r\n\r\n\t\t<div class=\"grve-element grve-align-center\"><a class=\"grve-btn grve-btn-extralarge grve-square grve-bg-primary-1\" href=\"http:\/\/adoptionone.ca\/parents-adoptifs\/sinscrire-avec-adoption-o-n-e\/?lang=fr\" target=\"_self\" style=\"\"><span>S.V.P. AJOUTEZ NOTRE PROFIL <\/span><\/a><\/div>[\/vc_column][\/vc_row]<\/p>\n<\/div>","protected":false},"excerpt":{"rendered":"<p>[vc_row][vc_column][vc_column_text] Si vous \u00eates enceintes et pensez placer votre b\u00e9b\u00e9 en adoption, examinez ces profils de familles qui attendent. Ils aimeraient tellement \u00eatre parents.\u00a0 Nous avons plusieurs autres familles qui [&hellip;]<\/p>\n","protected":false},"author":1,"featured_media":0,"parent":0,"menu_order":0,"comment_status":"open","ping_status":"open","template":"","meta":{"footnotes":""},"class_list":["post-306","page","type-page","status-publish","hentry"],"yoast_head":"<!-- This site is optimized with the Yoast SEO plugin v27.4 - https:\/\/yoast.com\/product\/yoast-seo-wordpress\/ -->\n<title>Profils de parents - Adoption One<\/title>\n<meta name=\"description\" content=\"Enceinte et pensez placer votre b\u00e9b\u00e9 en adoption, examinez ces profils de parents, familles, couples. Il y a d\u2019autres familles qui attendent d\u2019\u00eatre parents.\" \/>\n<meta name=\"robots\" content=\"index, follow, max-snippet:-1, max-image-preview:large, max-video-preview:-1\" \/>\n<link rel=\"canonical\" href=\"https:\/\/adoptionone.ca\/fr\/profils-de-parents\/\" \/>\n<meta property=\"og:locale\" content=\"fr_FR\" \/>\n<meta property=\"og:type\" content=\"article\" \/>\n<meta property=\"og:title\" content=\"Profils de parents - Adoption One\" \/>\n<meta property=\"og:description\" content=\"Enceinte et pensez placer votre b\u00e9b\u00e9 en adoption, examinez ces profils de parents, familles, couples. Il y a d\u2019autres familles qui attendent d\u2019\u00eatre parents.\" \/>\n<meta property=\"og:url\" content=\"https:\/\/adoptionone.ca\/fr\/profils-de-parents\/\" \/>\n<meta property=\"og:site_name\" content=\"Adoption One\" \/>\n<meta property=\"article:publisher\" content=\"https:\/\/www.facebook.com\/adoptionone\" \/>\n<meta property=\"article:modified_time\" content=\"2016-04-21T15:26:49+00:00\" \/>\n<meta property=\"og:image\" content=\"https:\/\/adoptionone.ca\/wp-content\/uploads\/2015\/07\/FacebookIcon.jpg\" \/>\n\t<meta property=\"og:image:width\" content=\"560\" \/>\n\t<meta property=\"og:image:height\" content=\"292\" \/>\n\t<meta property=\"og:image:type\" content=\"image\/jpeg\" \/>\n<meta name=\"twitter:label1\" content=\"Dur\u00e9e de lecture estim\u00e9e\" \/>\n\t<meta name=\"twitter:data1\" content=\"1 minute\" \/>\n<script type=\"application\/ld+json\" class=\"yoast-schema-graph\">{\"@context\":\"https:\\\/\\\/schema.org\",\"@graph\":[{\"@type\":\"WebPage\",\"@id\":\"https:\\\/\\\/adoptionone.ca\\\/fr\\\/profils-de-parents\\\/\",\"url\":\"https:\\\/\\\/adoptionone.ca\\\/fr\\\/profils-de-parents\\\/\",\"name\":\"Profils de parents - Adoption One\",\"isPartOf\":{\"@id\":\"https:\\\/\\\/adoptionone.ca\\\/#website\"},\"datePublished\":\"2015-06-08T17:53:08+00:00\",\"dateModified\":\"2016-04-21T15:26:49+00:00\",\"description\":\"Enceinte et pensez placer votre b\u00e9b\u00e9 en adoption, examinez ces profils de parents, familles, couples. Il y a d\u2019autres familles qui attendent d\u2019\u00eatre parents.\",\"breadcrumb\":{\"@id\":\"https:\\\/\\\/adoptionone.ca\\\/fr\\\/profils-de-parents\\\/#breadcrumb\"},\"inLanguage\":\"fr-FR\",\"potentialAction\":[{\"@type\":\"ReadAction\",\"target\":[\"https:\\\/\\\/adoptionone.ca\\\/fr\\\/profils-de-parents\\\/\"]}]},{\"@type\":\"BreadcrumbList\",\"@id\":\"https:\\\/\\\/adoptionone.ca\\\/fr\\\/profils-de-parents\\\/#breadcrumb\",\"itemListElement\":[{\"@type\":\"ListItem\",\"position\":1,\"name\":\"Home\",\"item\":\"https:\\\/\\\/adoptionone.ca\\\/fr\\\/\"},{\"@type\":\"ListItem\",\"position\":2,\"name\":\"Profils de parents\"}]},{\"@type\":\"WebSite\",\"@id\":\"https:\\\/\\\/adoptionone.ca\\\/#website\",\"url\":\"https:\\\/\\\/adoptionone.ca\\\/\",\"name\":\"Adoption One\",\"description\":\"\",\"potentialAction\":[{\"@type\":\"SearchAction\",\"target\":{\"@type\":\"EntryPoint\",\"urlTemplate\":\"https:\\\/\\\/adoptionone.ca\\\/?s={search_term_string}\"},\"query-input\":{\"@type\":\"PropertyValueSpecification\",\"valueRequired\":true,\"valueName\":\"search_term_string\"}}],\"inLanguage\":\"fr-FR\"}]}<\/script>\n<!-- \/ Yoast SEO plugin. -->","yoast_head_json":{"title":"Profils de parents - Adoption One","description":"Enceinte et pensez placer votre b\u00e9b\u00e9 en adoption, examinez ces profils de parents, familles, couples. Il y a d\u2019autres familles qui attendent d\u2019\u00eatre parents.","robots":{"index":"index","follow":"follow","max-snippet":"max-snippet:-1","max-image-preview":"max-image-preview:large","max-video-preview":"max-video-preview:-1"},"canonical":"https:\/\/adoptionone.ca\/fr\/profils-de-parents\/","og_locale":"fr_FR","og_type":"article","og_title":"Profils de parents - Adoption One","og_description":"Enceinte et pensez placer votre b\u00e9b\u00e9 en adoption, examinez ces profils de parents, familles, couples. Il y a d\u2019autres familles qui attendent d\u2019\u00eatre parents.","og_url":"https:\/\/adoptionone.ca\/fr\/profils-de-parents\/","og_site_name":"Adoption One","article_publisher":"https:\/\/www.facebook.com\/adoptionone","article_modified_time":"2016-04-21T15:26:49+00:00","og_image":[{"width":560,"height":292,"url":"https:\/\/adoptionone.ca\/wp-content\/uploads\/2015\/07\/FacebookIcon.jpg","type":"image\/jpeg"}],"twitter_misc":{"Dur\u00e9e de lecture estim\u00e9e":"1 minute"},"schema":{"@context":"https:\/\/schema.org","@graph":[{"@type":"WebPage","@id":"https:\/\/adoptionone.ca\/fr\/profils-de-parents\/","url":"https:\/\/adoptionone.ca\/fr\/profils-de-parents\/","name":"Profils de parents - Adoption One","isPartOf":{"@id":"https:\/\/adoptionone.ca\/#website"},"datePublished":"2015-06-08T17:53:08+00:00","dateModified":"2016-04-21T15:26:49+00:00","description":"Enceinte et pensez placer votre b\u00e9b\u00e9 en adoption, examinez ces profils de parents, familles, couples. Il y a d\u2019autres familles qui attendent d\u2019\u00eatre parents.","breadcrumb":{"@id":"https:\/\/adoptionone.ca\/fr\/profils-de-parents\/#breadcrumb"},"inLanguage":"fr-FR","potentialAction":[{"@type":"ReadAction","target":["https:\/\/adoptionone.ca\/fr\/profils-de-parents\/"]}]},{"@type":"BreadcrumbList","@id":"https:\/\/adoptionone.ca\/fr\/profils-de-parents\/#breadcrumb","itemListElement":[{"@type":"ListItem","position":1,"name":"Home","item":"https:\/\/adoptionone.ca\/fr\/"},{"@type":"ListItem","position":2,"name":"Profils de parents"}]},{"@type":"WebSite","@id":"https:\/\/adoptionone.ca\/#website","url":"https:\/\/adoptionone.ca\/","name":"Adoption One","description":"","potentialAction":[{"@type":"SearchAction","target":{"@type":"EntryPoint","urlTemplate":"https:\/\/adoptionone.ca\/?s={search_term_string}"},"query-input":{"@type":"PropertyValueSpecification","valueRequired":true,"valueName":"search_term_string"}}],"inLanguage":"fr-FR"}]}},"_links":{"self":[{"href":"https:\/\/adoptionone.ca\/fr\/wp-json\/wp\/v2\/pages\/306","targetHints":{"allow":["GET"]}}],"collection":[{"href":"https:\/\/adoptionone.ca\/fr\/wp-json\/wp\/v2\/pages"}],"about":[{"href":"https:\/\/adoptionone.ca\/fr\/wp-json\/wp\/v2\/types\/page"}],"author":[{"embeddable":true,"href":"https:\/\/adoptionone.ca\/fr\/wp-json\/wp\/v2\/users\/1"}],"replies":[{"embeddable":true,"href":"https:\/\/adoptionone.ca\/fr\/wp-json\/wp\/v2\/comments?post=306"}],"version-history":[{"count":8,"href":"https:\/\/adoptionone.ca\/fr\/wp-json\/wp\/v2\/pages\/306\/revisions"}],"predecessor-version":[{"id":372,"href":"https:\/\/adoptionone.ca\/fr\/wp-json\/wp\/v2\/pages\/306\/revisions\/372"}],"wp:attachment":[{"href":"https:\/\/adoptionone.ca\/fr\/wp-json\/wp\/v2\/media?parent=306"}],"curies":[{"name":"wp","href":"https:\/\/api.w.org\/{rel}","templated":true}]}}