{"id":300,"date":"2015-06-08T12:30:30","date_gmt":"2015-06-08T16:30:30","guid":{"rendered":"http:\/\/adoptionone.ca\/?page_id=300"},"modified":"2021-05-30T22:31:12","modified_gmt":"2021-05-31T02:31:12","slug":"parents-adoptifs","status":"publish","type":"page","link":"https:\/\/adoptionone.ca\/fr\/parents-adoptifs\/","title":{"rendered":"Parents Adoptifs"},"content":{"rendered":"<div class=\"wpb-content-wrapper\"><p>[vc_row][vc_column mobile_width=\u00a0\u00bb\u00a0\u00bb][vc_column_text]L&rsquo;adoption priv\u00e9e est une option que de nombreux parents choisissent parce qu&rsquo;ils ne peuvent pas concevoir ou simplement pour cr\u00e9er une famille. Habituellement, c\u2019est un processus \u00e0 long terme suivant plusieurs ann\u00e9es d\u2019essais infructueux.<\/p>\n<p>Les adoptions priv\u00e9es sont des placements volontaires. Les parents biologiques choisissent de placer leur enfant pour l&rsquo;adoption, habituellement \u00e0 la naissance, par amour pour leur enfant. Les parents biologiques choisissent leur plan d&rsquo;adoption et choisissent personnellement les parents adoptifs apr\u00e8s une r\u00e9vision de profils de parents adoptifs qui attendent. On r\u00e9f\u00e8re parfois \u00e0 ceux-ci comme \u00ab\u00a0des lettres \u00e0 la maman biologique\u00a0\u00bb. Ils offrent des informations concernant le style de vie, les carri\u00e8res, les int\u00e9r\u00eats, les amis, la famille, les passe-temps et d&rsquo;autres d\u00e9tails pertinents. Ils sont des pr\u00e9sentations visuelles contenant beaucoup d&rsquo;images des parents adoptifs dans leur vie quotidienne. Si vous n\u2019en avez pas un encore, nous pouvons vous aider \u00e0 cr\u00e9er un profil aussi unique que vous \u00eates, augmentant ainsi la probabilit\u00e9 de jumelage avec la personne qui vous convient. Votre profil vous permet de partager facilement votre histoire avec celles qui pensent placer leur enfant en adoption.<\/p>\n<p>Avant de pouvoir \u00eatre approuv\u00e9s pour un placement d&rsquo;adoption en Ontario, le Minist\u00e8re des Services \u00e0 l\u2019enfance et \u00e0 la jeunesse exige une \u00c9tude S.A.F.E. de votre milieu familial ainsi que votre participation \u00e0 la formation P.R.I.D.E. destin\u00e9e aux familles. Chez Adoption O.N.E. nous discuterons du processus avec vous et nous pourrons vous r\u00e9f\u00e9rer \u00e0 un intervenant ou une intervenante en adoption au besoin.<\/p>\n<p>En vous inscrivant avec Adoption O.N.E., nous pourrons vous aider \u00e0 d\u00e9finir votre zone de confort par rapport aux parents biologiques et au b\u00e9b\u00e9. Il peut s\u2019agir de pr\u00e9f\u00e9rences par rapport \u00e0 la sant\u00e9, \u00e0 l&rsquo;appartenance ethnique et \u00e0 d\u2019autres \u00e9l\u00e9ments que vous recherchez. Il est important que vous soyez \u00e0 l&rsquo;aise avec vos choix. Les parents biologiques sont aussi encourag\u00e9s \u00e0 pr\u00e9senter leurs pr\u00e9f\u00e9rences en ce qui concernent les profils des parents adoptifs qui attendent. Chez Adoption O.N.E., nous tentons de jumeler les pr\u00e9f\u00e9rences des parents biologiques et celles des parents adoptifs. Ainsi vous aurez la tranquillit\u00e9 d&rsquo;esprit de savoir que vous respectez les exigences des parents biologiques avant que votre profil leur soit pr\u00e9sent\u00e9.<\/p>\n<p>De plus, ce processus augmente les chances de succ\u00e8s du jumelage.<\/p>\n<p>Durant l\u2019attente d\u2019un jumelage, il est essentiel d&rsquo;avoir un bon r\u00e9seau de famille, d\u2019amis et de voisins qui vous appuis dans votre d\u00e9marche d&rsquo;adoption. Il est aussi important de cr\u00e9er des liens avec d&rsquo;autres parents adoptifs qui attendent. Vous pouvez commencer en communiquant avec les gens dans notre groupe d&rsquo;entraide Facebook pour des parents adoptifs.<\/p>\n<p>Une des choses les plus importantes que vous puissiez faire en attendant un jumelage d&rsquo;adoption est de parler \u00e0 votre entourage, parents et amis de votre d\u00e9sir d&rsquo;adopter. Beaucoup de liens d&rsquo;adoption se font de bouche \u00e0 oreille.[\/vc_column_text][\/vc_column][\/vc_row][vc_row bg_type=\u00a0\u00bbimage\u00a0\u00bb bg_image=\u00a0\u00bb224&Prime; bg_image_type=\u00a0\u00bbfixed-bg\u00a0\u00bb padding_top=\u00a0\u00bb100&Prime; padding_bottom=\u00a0\u00bb100&Prime;][vc_column width=\u00a0\u00bb1\/2&Prime; mobile_width=\u00a0\u00bb\u00a0\u00bb css=\u00a0\u00bb.vc_custom_1432661378830{border-top-width: 15px !important;border-right-width: 15px !important;border-bottom-width: 15px !important;border-left-width: 15px !important;padding-top: 15px !important;padding-right: 15px !important;padding-bottom: 15px !important;padding-left: 15px !important;}\u00a0\u00bb][vc_column_text]<\/p>\n<h4><span style=\"color: #91658e;\">Non chair de ma chair,<\/span><br \/>\n<span style=\"color: #91658e;\">Ni os de mes os,<\/span><br \/>\n<span style=\"color: #91658e;\">Mais par miracle bien \u00e0 moi.<\/span><br \/>\n<span style=\"color: #91658e;\">N&rsquo;oublie jamais, m\u00eame pour un seul instant;<\/span><br \/>\n<span style=\"color: #91658e;\">Tu n\u2019as pas grandi sous mon c\u0153ur,<\/span><br \/>\n<span style=\"color: #91658e;\">Mais bien dans mon c\u0153ur.<\/span><\/h4>\n<p>[\/vc_column_text][\/vc_column][vc_column width=\u00a0\u00bb1\/2&Prime; mobile_width=\u00a0\u00bb\u00a0\u00bb][\/vc_column][\/vc_row][vc_row section_id=\u00a0\u00bbfaq\u00a0\u00bb][vc_column mobile_width=\u00a0\u00bb\u00a0\u00bb]<h1 class=\"grve-element grve-align-center grve-title-no-line grve-h1\" style=\"\"><span>FAQ<\/span><\/h1>[vc_column_text]<\/p>\n<h3 style=\"text-align: center;\">Questions souvent demand\u00e9es par des parents adoptifs qui attendent\u00a0:<\/h3>\n<p>[\/vc_column_text][\/vc_column][\/vc_row][vc_row][vc_column][vc_accordion][vc_accordion_tab title=\u00a0\u00bb\u00cates-vous approuv\u00e9s par le Minist\u00e8re des Services \u00e0 l\u2019enfance et \u00e0 la jeunesse (MSEJ)?\u00a0\u00bb][vc_column_text]Oui, Justin Ellery est titulaire de permis avec le MSEJ depuis 1991.[\/vc_column_text][\/vc_accordion_tab][vc_accordion_tab title=\u00a0\u00bbY a-t-il des restrictions par rapport aux types d\u2019adoptions \u00e0 votre agence?\u00a0\u00bb][vc_column_text]Nous facilitons des adoptions priv\u00e9es et des adoptions par une personne apparent\u00e9e ou un beau-parent dans la province de l&rsquo;Ontario.[\/vc_column_text][\/vc_accordion_tab][vc_accordion_tab title=\u00a0\u00bbAvez-vous une liste d&rsquo;attente pour s\u2019inscrire avec l&rsquo;agence? Est-elle longue?\u00a0\u00bb][vc_column_text]Nous acceptons maintenant des inscriptions avec notre agence. Comme ceci est un nouveau service, nous n&rsquo;avons pas de liste d&rsquo;attente. Nous pouvons organiser une rencontre qui saura vous accommoder.[\/vc_column_text][\/vc_accordion_tab][vc_accordion_tab title=\u00a0\u00bbQuel est l\u2019honoraire pour l&rsquo;inscription avec Adoption O.N.E. ?\u00a0\u00bb][vc_column_text]L\u2019inscription avec Adoption O.N.E. consiste d\u2019une rencontre initiale o\u00f9 vos informations sont rassembl\u00e9es. \u00c9galement, nous discuterons du processus d&rsquo;adoption, du r\u00f4le du titulaire de permis, de la philosophie d&rsquo;adoption ouverte, et nous passerons en revue votre formation P.R.I.D.E. et votre \u00e9tude de milieu familial S.A.F.E. Au besoin, nous vous r\u00e9f\u00e9rerons \u00e0 un intervenant ou une intervenante en adoption. Nous regarderons aussi votre profil. Vous avez \u00e9galement l\u2019option d\u2019afficher votre profil sur notre site web. Les droits d&rsquo;inscription de 350 $ vous permettent de nous rencontrer afin que nous puissions mieux comprendre vos besoins pour trouver le jumelage qui vous convient.<\/p>\n<p>Si la distance est un objet, nous pouvons faire la rencontre par l\u2019entremise de Skype.[\/vc_column_text][\/vc_accordion_tab][vc_accordion_tab title=\u00a0\u00bbDepuis combien de temps votre agence a-t-elle facilit\u00e9 des adoptions ? Combien d&rsquo;adoptions ont \u00e9t\u00e9 finalis\u00e9es par votre agence ?\u00a0\u00bb][vc_column_text]Au cours des derni\u00e8res 24 ann\u00e9es en tant que titulaire de permis avec MSEJ, Justin Ellery a, en moyenne, facilit\u00e9 2 adoptions par ann\u00e9e.<\/p>\n<p>Cependant, Adoption O.N.E. offre maintenant de nouveaux services, tel l\u2019inscription de parents qui veulent adopt\u00e9s et les rencontres avec les professionnels de la sant\u00e9 (gyn\u00e9cologues, m\u00e9decins, infirmi\u00e8res et infirmiers, travailleuses sociales et travailleurs sociaux) dans les communaut\u00e9s du Nord-Est. Ceci pourrait refl\u00e9ter sur les activit\u00e9s de l&rsquo;agence dans l&rsquo;avenir.[\/vc_column_text][\/vc_accordion_tab][vc_accordion_tab title=\u00a0\u00bbComment votre agence facilite-t-elle des jumelages entre des parents biologiques et des parents qui veulent adopt\u00e9s ?\u00a0\u00bb][vc_column_text]Nous utiliserons nos meilleurs efforts afin de jumeler les parents adoptifs inscrits \u00e0 notre agence avec les demandes des parents biologiques. Il est important de noter que le jumelage n&rsquo;est jamais fait sur une base &lsquo;de premier arriv\u00e9, premier servi&rsquo;. Il y a beaucoup de facteurs \u00e0 consid\u00e9rer dans l\u2019\u00e9laboration d&rsquo;un plan d&rsquo;adoption et dans le choix d\u2019une famille qui convient \u00e0 l\u2019enfant.[\/vc_column_text][\/vc_accordion_tab][vc_accordion_tab title=\u00a0\u00bbQu\u2019est-ce que l\u2019adoption ouverte ?\u00a0\u00bb][vc_column_text]Il y a beaucoup de niveaux d&rsquo;ouverture dans l&rsquo;adoption. On encourage les parents biologiques et les parents adoptifs \u00e0 cr\u00e9er un accord d&rsquo;adoption ouvert qui convient \u00e0 leur niveau de confort. Diff\u00e9rents exemples d&rsquo;ouverture peuvent inclure le partage de lettres, de photos, la s\u00e9lection du nom, des communications par t\u00e9l\u00e9phone ou par courriel ou encore des rencontres. La fr\u00e9quence de ces \u00e9changes et les types d\u2019\u00e9changes varient d&rsquo;une famille \u00e0 l\u2019autre. Dans une adoption ouverte on d\u00e9veloppe les relations de famille \u00e9largie afin que l\u2019enfant adopt\u00e9 puisse avoir des occasions de rencontre ou de communication avec les membres de sa famille biologique. L&rsquo;adoption ouverte est ax\u00e9e sur le bien-\u00eatre de l&rsquo;enfant. Il peut aider votre enfant \u00e0 d\u00e9velopper un sens d&rsquo;identit\u00e9 de par ses contacts avec les membres de sa famille biologique. Dans une adoption ouverte, on peut r\u00e9pondre \u00e0 leurs questions concernant la famille biologique d\u2019une fa\u00e7on courante.[\/vc_column_text][\/vc_accordion_tab][\/vc_accordion][\/vc_column][\/vc_row][vc_row][vc_column mobile_width=\u00a0\u00bb\u00a0\u00bb]<div class=\"grve-element grve-align-center\"><a class=\"grve-btn grve-btn-extralarge grve-square grve-bg-primary-1\" href=\"http:\/\/adoptionone.ca\/fr\/parents-adoptifs\/sinscrire-avec-adoption-o-n-e\/\" target=\"_self\" style=\"\"><span>DEMANDE D'INSCRIPTION<\/span><\/a><\/div>[vc_column_text][\/vc_column_text]\n<div class=\"wpcf7 no-js\" id=\"wpcf7-f1254-o1\" lang=\"en-US\" dir=\"ltr\" data-wpcf7-id=\"1254\">\n<div class=\"screen-reader-response\"><p role=\"status\" aria-live=\"polite\" aria-atomic=\"true\"><\/p> <ul><\/ul><\/div>\n<form action=\"\/fr\/wp-json\/wp\/v2\/pages\/300#wpcf7-f1254-o1\" method=\"post\" class=\"wpcf7-form init\" aria-label=\"Contact form\" novalidate=\"novalidate\" data-status=\"init\">\n<fieldset class=\"hidden-fields-container\"><input type=\"hidden\" name=\"_wpcf7\" value=\"1254\" \/><input type=\"hidden\" name=\"_wpcf7_version\" value=\"6.1.5\" \/><input type=\"hidden\" name=\"_wpcf7_locale\" value=\"en_US\" \/><input type=\"hidden\" name=\"_wpcf7_unit_tag\" value=\"wpcf7-f1254-o1\" \/><input type=\"hidden\" name=\"_wpcf7_container_post\" value=\"0\" \/><input type=\"hidden\" name=\"_wpcf7_posted_data_hash\" value=\"\" \/><input type=\"hidden\" name=\"_wpcf7_recaptcha_response\" value=\"\" \/>\n<\/fieldset>\n<p><label><span class=\"wpcf7-form-control-wrap\" data-name=\"your-name\"><input size=\"40\" maxlength=\"400\" class=\"wpcf7-form-control wpcf7-text wpcf7-validates-as-required\" aria-required=\"true\" aria-invalid=\"false\" placeholder=\"Your Name\" value=\"\" type=\"text\" name=\"your-name\" \/><\/span> <\/label><label><span class=\"wpcf7-form-control-wrap\" data-name=\"your-email\"><input size=\"40\" maxlength=\"400\" class=\"wpcf7-form-control wpcf7-email wpcf7-validates-as-required wpcf7-text wpcf7-validates-as-email\" aria-required=\"true\" aria-invalid=\"false\" placeholder=\"Your Email\" value=\"\" type=\"email\" name=\"your-email\" \/><\/span> <\/label><label><span class=\"wpcf7-form-control-wrap\" data-name=\"your-phone\"><input size=\"40\" maxlength=\"400\" class=\"wpcf7-form-control wpcf7-tel wpcf7-validates-as-required wpcf7-text wpcf7-validates-as-tel\" aria-required=\"true\" aria-invalid=\"false\" placeholder=\"Your Phone Number\" value=\"\" type=\"tel\" name=\"your-phone\" \/><\/span> <\/label><label><span class=\"wpcf7-form-control-wrap\" data-name=\"your-subject\"><input size=\"40\" maxlength=\"400\" class=\"wpcf7-form-control wpcf7-text wpcf7-validates-as-required\" aria-required=\"true\" aria-invalid=\"false\" placeholder=\"Subject\" value=\"\" type=\"text\" name=\"your-subject\" \/><\/span> <\/label><label><span class=\"wpcf7-form-control-wrap\" data-name=\"your-message\"><textarea cols=\"40\" rows=\"10\" maxlength=\"2000\" class=\"wpcf7-form-control wpcf7-textarea\" aria-invalid=\"false\" placeholder=\"Your message\" name=\"your-message\"><\/textarea><\/span> <\/label>\n<\/p>\n<p><label>*If you don't see our response in your Inbox please check your Junk folder.<\/label>\n<\/p>\n<p><input class=\"wpcf7-form-control wpcf7-submit has-spinner\" type=\"submit\" value=\"Submit\" \/>\n<\/p><div class=\"wpcf7-response-output\" aria-hidden=\"true\"><\/div>\n<\/form>\n<\/div>\n[\/vc_column][\/vc_row][vc_row][vc_column][\/vc_column][\/vc_row]<\/p>\n<\/div>","protected":false},"excerpt":{"rendered":"<p>[vc_row][vc_column mobile_width=\u00a0\u00bb\u00a0\u00bb][vc_column_text]L&rsquo;adoption priv\u00e9e est une option que de nombreux parents choisissent parce qu&rsquo;ils ne peuvent pas concevoir ou simplement pour cr\u00e9er une famille. Habituellement, c\u2019est un processus \u00e0 long terme [&hellip;]<\/p>\n","protected":false},"author":1,"featured_media":0,"parent":0,"menu_order":0,"comment_status":"open","ping_status":"open","template":"","meta":{"footnotes":""},"class_list":["post-300","page","type-page","status-publish","hentry"],"yoast_head":"<!-- This site is optimized with the Yoast SEO plugin v27.4 - https:\/\/yoast.com\/product\/yoast-seo-wordpress\/ -->\n<title>Parents Adoptifs - Adoption One<\/title>\n<meta name=\"description\" content=\"Adoption priv\u00e9e est une option offerte par Adoption O.N.E. aux parents adoptifs qui souffre d\u2019infertilit\u00e9 ou pour cr\u00e9er une famille.\" \/>\n<meta name=\"robots\" content=\"index, follow, max-snippet:-1, max-image-preview:large, max-video-preview:-1\" \/>\n<link rel=\"canonical\" href=\"https:\/\/adoptionone.ca\/fr\/parents-adoptifs\/\" \/>\n<meta property=\"og:locale\" content=\"fr_FR\" \/>\n<meta property=\"og:type\" content=\"article\" \/>\n<meta property=\"og:title\" content=\"Parents Adoptifs - Adoption One\" \/>\n<meta property=\"og:description\" content=\"Adoption priv\u00e9e est une option offerte par Adoption O.N.E. aux parents adoptifs qui souffre d\u2019infertilit\u00e9 ou pour cr\u00e9er une famille.\" \/>\n<meta property=\"og:url\" content=\"https:\/\/adoptionone.ca\/fr\/parents-adoptifs\/\" \/>\n<meta property=\"og:site_name\" content=\"Adoption One\" \/>\n<meta property=\"article:publisher\" content=\"https:\/\/www.facebook.com\/adoptionone\" \/>\n<meta property=\"article:modified_time\" content=\"2021-05-31T02:31:12+00:00\" \/>\n<meta property=\"og:image\" content=\"https:\/\/adoptionone.ca\/wp-content\/uploads\/2015\/07\/FacebookIcon.jpg\" \/>\n\t<meta property=\"og:image:width\" content=\"560\" \/>\n\t<meta property=\"og:image:height\" content=\"292\" \/>\n\t<meta property=\"og:image:type\" content=\"image\/jpeg\" \/>\n<meta name=\"twitter:label1\" content=\"Dur\u00e9e de lecture estim\u00e9e\" \/>\n\t<meta name=\"twitter:data1\" content=\"5 minutes\" \/>\n<script type=\"application\/ld+json\" class=\"yoast-schema-graph\">{\"@context\":\"https:\\\/\\\/schema.org\",\"@graph\":[{\"@type\":\"WebPage\",\"@id\":\"https:\\\/\\\/adoptionone.ca\\\/fr\\\/parents-adoptifs\\\/\",\"url\":\"https:\\\/\\\/adoptionone.ca\\\/fr\\\/parents-adoptifs\\\/\",\"name\":\"Parents Adoptifs - Adoption One\",\"isPartOf\":{\"@id\":\"https:\\\/\\\/adoptionone.ca\\\/#website\"},\"datePublished\":\"2015-06-08T16:30:30+00:00\",\"dateModified\":\"2021-05-31T02:31:12+00:00\",\"description\":\"Adoption priv\u00e9e est une option offerte par Adoption O.N.E. aux parents adoptifs qui souffre d\u2019infertilit\u00e9 ou pour cr\u00e9er une famille.\",\"breadcrumb\":{\"@id\":\"https:\\\/\\\/adoptionone.ca\\\/fr\\\/parents-adoptifs\\\/#breadcrumb\"},\"inLanguage\":\"fr-FR\",\"potentialAction\":[{\"@type\":\"ReadAction\",\"target\":[\"https:\\\/\\\/adoptionone.ca\\\/fr\\\/parents-adoptifs\\\/\"]}]},{\"@type\":\"BreadcrumbList\",\"@id\":\"https:\\\/\\\/adoptionone.ca\\\/fr\\\/parents-adoptifs\\\/#breadcrumb\",\"itemListElement\":[{\"@type\":\"ListItem\",\"position\":1,\"name\":\"Home\",\"item\":\"https:\\\/\\\/adoptionone.ca\\\/fr\\\/\"},{\"@type\":\"ListItem\",\"position\":2,\"name\":\"Parents Adoptifs\"}]},{\"@type\":\"WebSite\",\"@id\":\"https:\\\/\\\/adoptionone.ca\\\/#website\",\"url\":\"https:\\\/\\\/adoptionone.ca\\\/\",\"name\":\"Adoption One\",\"description\":\"\",\"potentialAction\":[{\"@type\":\"SearchAction\",\"target\":{\"@type\":\"EntryPoint\",\"urlTemplate\":\"https:\\\/\\\/adoptionone.ca\\\/?s={search_term_string}\"},\"query-input\":{\"@type\":\"PropertyValueSpecification\",\"valueRequired\":true,\"valueName\":\"search_term_string\"}}],\"inLanguage\":\"fr-FR\"}]}<\/script>\n<!-- \/ Yoast SEO plugin. -->","yoast_head_json":{"title":"Parents Adoptifs - Adoption One","description":"Adoption priv\u00e9e est une option offerte par Adoption O.N.E. aux parents adoptifs qui souffre d\u2019infertilit\u00e9 ou pour cr\u00e9er une famille.","robots":{"index":"index","follow":"follow","max-snippet":"max-snippet:-1","max-image-preview":"max-image-preview:large","max-video-preview":"max-video-preview:-1"},"canonical":"https:\/\/adoptionone.ca\/fr\/parents-adoptifs\/","og_locale":"fr_FR","og_type":"article","og_title":"Parents Adoptifs - Adoption One","og_description":"Adoption priv\u00e9e est une option offerte par Adoption O.N.E. aux parents adoptifs qui souffre d\u2019infertilit\u00e9 ou pour cr\u00e9er une famille.","og_url":"https:\/\/adoptionone.ca\/fr\/parents-adoptifs\/","og_site_name":"Adoption One","article_publisher":"https:\/\/www.facebook.com\/adoptionone","article_modified_time":"2021-05-31T02:31:12+00:00","og_image":[{"width":560,"height":292,"url":"https:\/\/adoptionone.ca\/wp-content\/uploads\/2015\/07\/FacebookIcon.jpg","type":"image\/jpeg"}],"twitter_misc":{"Dur\u00e9e de lecture estim\u00e9e":"5 minutes"},"schema":{"@context":"https:\/\/schema.org","@graph":[{"@type":"WebPage","@id":"https:\/\/adoptionone.ca\/fr\/parents-adoptifs\/","url":"https:\/\/adoptionone.ca\/fr\/parents-adoptifs\/","name":"Parents Adoptifs - Adoption One","isPartOf":{"@id":"https:\/\/adoptionone.ca\/#website"},"datePublished":"2015-06-08T16:30:30+00:00","dateModified":"2021-05-31T02:31:12+00:00","description":"Adoption priv\u00e9e est une option offerte par Adoption O.N.E. aux parents adoptifs qui souffre d\u2019infertilit\u00e9 ou pour cr\u00e9er une famille.","breadcrumb":{"@id":"https:\/\/adoptionone.ca\/fr\/parents-adoptifs\/#breadcrumb"},"inLanguage":"fr-FR","potentialAction":[{"@type":"ReadAction","target":["https:\/\/adoptionone.ca\/fr\/parents-adoptifs\/"]}]},{"@type":"BreadcrumbList","@id":"https:\/\/adoptionone.ca\/fr\/parents-adoptifs\/#breadcrumb","itemListElement":[{"@type":"ListItem","position":1,"name":"Home","item":"https:\/\/adoptionone.ca\/fr\/"},{"@type":"ListItem","position":2,"name":"Parents Adoptifs"}]},{"@type":"WebSite","@id":"https:\/\/adoptionone.ca\/#website","url":"https:\/\/adoptionone.ca\/","name":"Adoption One","description":"","potentialAction":[{"@type":"SearchAction","target":{"@type":"EntryPoint","urlTemplate":"https:\/\/adoptionone.ca\/?s={search_term_string}"},"query-input":{"@type":"PropertyValueSpecification","valueRequired":true,"valueName":"search_term_string"}}],"inLanguage":"fr-FR"}]}},"_links":{"self":[{"href":"https:\/\/adoptionone.ca\/fr\/wp-json\/wp\/v2\/pages\/300","targetHints":{"allow":["GET"]}}],"collection":[{"href":"https:\/\/adoptionone.ca\/fr\/wp-json\/wp\/v2\/pages"}],"about":[{"href":"https:\/\/adoptionone.ca\/fr\/wp-json\/wp\/v2\/types\/page"}],"author":[{"embeddable":true,"href":"https:\/\/adoptionone.ca\/fr\/wp-json\/wp\/v2\/users\/1"}],"replies":[{"embeddable":true,"href":"https:\/\/adoptionone.ca\/fr\/wp-json\/wp\/v2\/comments?post=300"}],"version-history":[{"count":9,"href":"https:\/\/adoptionone.ca\/fr\/wp-json\/wp\/v2\/pages\/300\/revisions"}],"predecessor-version":[{"id":1266,"href":"https:\/\/adoptionone.ca\/fr\/wp-json\/wp\/v2\/pages\/300\/revisions\/1266"}],"wp:attachment":[{"href":"https:\/\/adoptionone.ca\/fr\/wp-json\/wp\/v2\/media?parent=300"}],"curies":[{"name":"wp","href":"https:\/\/api.w.org\/{rel}","templated":true}]}}