{"id":292,"date":"2015-06-08T12:04:00","date_gmt":"2015-06-08T16:04:00","guid":{"rendered":"http:\/\/adoptionone.ca\/?page_id=292"},"modified":"2021-05-30T22:29:20","modified_gmt":"2021-05-31T02:29:20","slug":"grossesse-non-planifiee","status":"publish","type":"page","link":"https:\/\/adoptionone.ca\/fr\/grossesse-non-planifiee\/","title":{"rendered":"Grossesse non planifi\u00e9e"},"content":{"rendered":"<div class=\"wpb-content-wrapper\"><p>[vc_row bg_type=\u00a0\u00bbimage\u00a0\u00bb bg_image=\u00a0\u00bb465&Prime; header_feature=\u00a0\u00bbyes\u00a0\u00bb padding_top=\u00a0\u00bb200&Prime; padding_bottom=\u00a0\u00bb200&Prime;][vc_column width=\u00a0\u00bb1\/2&Prime;][vc_column_text]Les futurs parents entrent souvent dans un processus d\u2019adoption sans en conna\u00eetre le processus et les options disponible. Vous pouvez poser des questions sans crainte de vous faire juger, et sans pression.<\/p>\n<p>\u00c0 Adoption O.N.E., nous accueillons vos questions concernant le processus d&rsquo;adoption et celui de l&rsquo;adoption ouverte. Nous vous offrons aussi l&rsquo;occasion de discuter de votre situation particuli\u00e8re et, si vous choisissez de garder votre enfant, nous pourrons vous r\u00e9f\u00e9rer aux services qui sont offerts dans la communaut\u00e9.<\/p>\n<p>Si vous choisissez Adoption O.N.E. pour faciliter l\u2019adoption de votre enfant, nous vous r\u00e9f\u00e9rerons \u00e0 un ou une intervenante en adoption pr\u00e8s de chez-vous. Cet intervenant ou cette intervenante vous aidera d\u2019une fa\u00e7on neutre, c\u2019est-\u00e0-dire sans vous juger et sans pression. Elle vous donnera plus de renseignement concernant vos options d\u2019adoption et vous offrira du counseling tout au long du processus. L\u2019intervenant ou l\u2019intervenante pour parents biologiques recueillera des informations au sujet de vous, la m\u00e8re biologique, du p\u00e8re biologique (s\u2019il est connu) et de vos familles. Il s\u2019agit de l\u2019histoire sociale et m\u00e9dicale. Cette information est importante pour votre enfant. Elle lui parle de qui vous \u00eates et de vos ant\u00e9c\u00e9dents m\u00e9dicaux et g\u00e9n\u00e9tiques.[\/vc_column_text][\/vc_column][vc_column width=\u00a0\u00bb1\/2&Prime;][\/vc_column][\/vc_row][vc_row bg_type=\u00a0\u00bbcolor\u00a0\u00bb bg_color=\u00a0\u00bb#e8e8e8&Prime; padding_top=\u00a0\u00bb20&Prime; padding_bottom=\u00a0\u00bb20&Prime;][vc_column][vc_column_text]<\/p>\n<h4 style=\"text-align: center;\"><span style=\"color: #656565;\">Adoption O.N.E. fournit aux parents biologiques des informations et des options :<br \/>\n<\/span><\/h4>\n<p>[\/vc_column_text][vc_column_text]<\/p>\n<ul>\n<li>L&rsquo;option de voir des profils de parents qui attendent.<\/li>\n<li>L\u2019assistance dans la pr\u00e9paration d&rsquo;un plan d&rsquo;adoption.<\/li>\n<li>L&rsquo;option de recevoir du counseling avant et apr\u00e8s l&rsquo;adoption.<\/li>\n<li>L&rsquo;adoption ouverte est un choix que les futurs parents peuvent faire &#8211; c&rsquo;est votre choix et nous pouvons vous aider \u00e0 faciliter une adoption qui est adapt\u00e9e au niveau d&rsquo;ouverture qui vous convient.<\/li>\n<li>Les parents biologiques doivent attendre 7 jours apr\u00e8s la naissance du b\u00e9b\u00e9 avant de signer le consentement d\u2019adoption. Ces consentements d&rsquo;adoption sont sign\u00e9s en pr\u00e9sence d&rsquo;un avocat.<\/li>\n<li>Vous aurez 21 jours apr\u00e8s la signature du consentement pour r\u00e9voquer votre consentement.<\/li>\n<li>Le placement d&rsquo;adoption se fera sous la surveillance du titulaire de permis et l\u2019intervenant ou l\u2019intervenante en adoption pendant au moins 6 mois, jusqu\u2019\u00e0 ce que l\u2019adoption soit finalis\u00e9e par un juge.<\/li>\n<li>Les parents biologiques ne sont responsables d\u2019aucun frais li\u00e9 \u00e0 l\u2019adoption.<\/li>\n<\/ul>\n<p>[\/vc_column_text][\/vc_column][\/vc_row][vc_row section_id=\u00a0\u00bbfaq\u00a0\u00bb][vc_column]<h1 class=\"grve-element grve-align-center grve-title-no-line grve-h1\" style=\"\"><span>FAQ: Parents biologiques<\/span><\/h1>[\/vc_column][\/vc_row][vc_row][vc_column][vc_accordion][vc_accordion_tab title=\u00a0\u00bbPuis-je parler \u00e0 quelqu&rsquo;un de l&rsquo;adoption avant de me d\u00e9cider?\u00a0\u00bb][vc_column_text]Oui. Adoption O.N.E. vous offrira des services de counseling professionnel pour vous aider \u00e0 comprendre toutes vos options en vous fournissant un appui neutre et sans jugement.[\/vc_column_text][\/vc_accordion_tab][vc_accordion_tab title=\u00a0\u00bbQuels sont les co\u00fbts?\u00a0\u00bb][vc_column_text]Il n&rsquo;y a aucun co\u00fbt associ\u00e9 \u00e0 l\u2019adoption pour les futurs parents biologiques. Il est \u00e9galement important de comprendre que le futur parent biologique ne peut recevoir d\u2019argent ni de cadeau d\u2019aucun parti concern\u00e9 pour une raison quelconque li\u00e9 \u00e0 l&rsquo;adoption, que ce soit pour des frais m\u00e9dicaux, des frais de subsistance, ou un paiement direct pour le placement potentiel du b\u00e9b\u00e9.[\/vc_column_text][\/vc_accordion_tab][vc_accordion_tab title=\u00a0\u00bbPuis-je changer d&rsquo;avis concernant l&rsquo;adoption ?\u00a0\u00bb][vc_column_text]Oui. Vous pouvez changer d&rsquo;avis et r\u00e9voquer votre consentement \u00e0 l&rsquo;adoption jusqu&rsquo;\u00e0 la date d\u2019expiration de la p\u00e9riode de r\u00e9vocation. En Ontario, les parents biologiques ont 21 jours apr\u00e8s la signature des consentements pour changer d&rsquo;avis. Si vous retirez votre consentement pour l&rsquo;adoption, votre enfant doit vous \u00eatre rendu.[\/vc_column_text][\/vc_accordion_tab][vc_accordion_tab title=\u00a0\u00bbPuis-je choisir la famille adoptive ?\u00a0\u00bb][vc_column_text]Oui. On vous donnera l&rsquo;occasion de voir des profils de parents qui attendent pour adopter et m\u00eame de les rencontrer afin de choisir qui adoptera votre enfant.[\/vc_column_text][\/vc_accordion_tab][vc_accordion_tab title=\u00a0\u00bbPuis-je donner des cadeaux \u00e0 mon b\u00e9b\u00e9 ou des photos de moi, du p\u00e8re biologique et des membres de nos familles ?\u00a0\u00bb][vc_column_text]Oui! Ceci est certainement acceptable et m\u00eame encourag\u00e9. La plupart des familles adoptives seront ravies d\u2019avoir de tels souvenirs de vous. Ceci leur permet d\u2019expliquer \u00e0 l\u2019enfant qui vous \u00eates et votre importance dans la cr\u00e9ation de la famille. Votre enfant pourra aussi savoir d\u2019o\u00f9 viennent leurs traits de ressemblances au lieu de se demander qui leur a donn\u00e9 leurs yeux bleus ou leurs taches de rousseur.[\/vc_column_text][\/vc_accordion_tab][vc_accordion_tab title=\u00a0\u00bbQu\u2019est-ce que l\u2019adoption ouverte ?\u00a0\u00bb][vc_column_text]Il y a beaucoup de niveaux d&rsquo;ouverture dans l&rsquo;adoption. On encourage les parents biologiques et les parents adoptifs \u00e0 cr\u00e9er un accord d&rsquo;adoption ouvert qui convient \u00e0 leur niveau de confort. Diff\u00e9rents exemples d&rsquo;ouverture peuvent inclure le partage de lettres, de photos, la s\u00e9lection du nom, des communications par t\u00e9l\u00e9phone ou par courriel ou encore des rencontres. La fr\u00e9quence de ces \u00e9changes et les types d\u2019\u00e9changes varient d&rsquo;une famille \u00e0 l\u2019autre. Dans une adoption ouverte on d\u00e9veloppe les relations de famille \u00e9largie afin que l\u2019enfant adopt\u00e9 puisse avoir des occasions de rencontre ou de communication avec les membres de sa famille biologique. L&rsquo;adoption ouverte est ax\u00e9e sur le bien-\u00eatre de l&rsquo;enfant. Il peut aider votre enfant \u00e0 d\u00e9velopper un sens d&rsquo;identit\u00e9 de par ses contacts avec les membres de sa famille biologique. Dans une adoption ouverte, on peut r\u00e9pondre \u00e0 leurs questions concernant la famille biologique d\u2019une fa\u00e7on courante.[\/vc_column_text][\/vc_accordion_tab][vc_accordion_tab title=\u00a0\u00bbDois-je avoir une adoption ouverte ?\u00a0\u00bb][vc_column_text]Ce ne sont pas tous les parents biologiques qui veulent rester en contact avec la famille adoptive. Il y a plusieurs niveaux d&rsquo;ouverture, ceux-ci seront discut\u00e9s durant notre rencontre.[\/vc_column_text][\/vc_accordion_tab][vc_accordion_tab title=\u00a0\u00bbEt si le p\u00e8re biologique n&rsquo;est pas impliqu\u00e9?\u00a0\u00bb][vc_column_text]Parfois une future m\u00e8re ne communique pas avec le p\u00e8re biologique pendant la grossesse. Ceci sera discut\u00e9 pendant votre rencontre avec l\u2019intervenant ou l\u2019intervenante en adoption afin de d\u00e9terminer la meilleure ligne de conduite.[\/vc_column_text][\/vc_accordion_tab][vc_accordion_tab title=\u00a0\u00bbQue se passe-t-il si un ou l\u2019autre des parents biologiques sont \u00e2g\u00e9s de moins de 18 ans ?\u00a0\u00bb][vc_column_text]Toutes les d\u00e9cisions li\u00e9es \u00e0 l&rsquo;enfant et \u00e0 l&rsquo;adoption demeurent la responsabilit\u00e9 unique des futurs parents. Ceci dit, vous pouvez vouloir inclure vos parents dans le processus de d\u00e9cision, m\u00eame si ce n\u2019est que pour le support \u00e9motif. Le bureau de l&rsquo;Avocat de l&rsquo;enfant vous rencontrera aussi pour assurer que vous prenez toutes les d\u00e9cisions sans contrainte.[\/vc_column_text][\/vc_accordion_tab][vc_accordion_tab title=\u00a0\u00bbEt si les futurs parents biologiques ont d\u00e9j\u00e0 choisis les futurs parents adoptifs?\u00a0\u00bb][vc_column_text]Parfois les futurs parents biologiques entendent parler, par un ami ou un membre de la famille, d\u2019une famille qui voudrait adopter leur enfant. Ceci est appel\u00e9 un <em>placement correspondu.<\/em> M\u00eame si vous connaissez la famille qui adoptera votre enfant, le Gouvernement de l&rsquo;Ontario <strong><u>doit approuver<\/u><\/strong> le placement <strong><u>avant<\/u><\/strong> que l&rsquo;enfant d\u00e9m\u00e9nage dans leur maison. Simplement nous t\u00e9l\u00e9phoner et nous donner les informations. Ainsi nous pourrons commencer le processus.[\/vc_column_text][\/vc_accordion_tab][\/vc_accordion][\/vc_column][\/vc_row][vc_row][\/vc_row][vc_column][\/vc_column][vc_row section_id=\u00a0\u00bbplus-informations\u00a0\u00bb][vc_column]<div class=\"grve-element grve-align-center\"><a class=\"grve-btn grve-btn-extralarge grve-square grve-bg-primary-1\" href=\"http:\/\/adoptionone.ca\/fr\/grossesse-non-planifiee\/request-information\/\" target=\"_self\" style=\"\"><span>POUR DEMANDER PLUS D\u2019INFORMATIONS OU POUR NOUS JOINDRE<\/span><\/a><\/div>[vc_column_text][\/vc_column_text]\n<div class=\"wpcf7 no-js\" id=\"wpcf7-f1255-o1\" lang=\"en-US\" dir=\"ltr\" data-wpcf7-id=\"1255\">\n<div class=\"screen-reader-response\"><p role=\"status\" aria-live=\"polite\" aria-atomic=\"true\"><\/p> <ul><\/ul><\/div>\n<form action=\"\/fr\/wp-json\/wp\/v2\/pages\/292#wpcf7-f1255-o1\" method=\"post\" class=\"wpcf7-form init\" aria-label=\"Contact form\" novalidate=\"novalidate\" data-status=\"init\">\n<fieldset class=\"hidden-fields-container\"><input type=\"hidden\" name=\"_wpcf7\" value=\"1255\" \/><input type=\"hidden\" name=\"_wpcf7_version\" value=\"6.1.5\" \/><input type=\"hidden\" name=\"_wpcf7_locale\" value=\"en_US\" \/><input type=\"hidden\" name=\"_wpcf7_unit_tag\" value=\"wpcf7-f1255-o1\" \/><input type=\"hidden\" name=\"_wpcf7_container_post\" value=\"0\" \/><input type=\"hidden\" name=\"_wpcf7_posted_data_hash\" value=\"\" \/><input type=\"hidden\" name=\"_wpcf7_recaptcha_response\" value=\"\" \/>\n<\/fieldset>\n<p><label> Your name<br \/>\n<span class=\"wpcf7-form-control-wrap\" data-name=\"your-name\"><input size=\"40\" maxlength=\"400\" class=\"wpcf7-form-control wpcf7-text wpcf7-validates-as-required\" aria-required=\"true\" aria-invalid=\"false\" value=\"\" type=\"text\" name=\"your-name\" \/><\/span> <\/label>\n<\/p>\n<p><label> Your email<br \/>\n<span class=\"wpcf7-form-control-wrap\" data-name=\"your-email\"><input size=\"40\" maxlength=\"400\" class=\"wpcf7-form-control wpcf7-email wpcf7-validates-as-required wpcf7-text wpcf7-validates-as-email\" aria-required=\"true\" aria-invalid=\"false\" value=\"\" type=\"email\" name=\"your-email\" \/><\/span> <\/label>\n<\/p>\n<p><label><span class=\"wpcf7-form-control-wrap\" data-name=\"your-phone\"><input size=\"40\" maxlength=\"400\" class=\"wpcf7-form-control wpcf7-tel wpcf7-validates-as-required wpcf7-text wpcf7-validates-as-tel\" aria-required=\"true\" aria-invalid=\"false\" placeholder=\"Your Phone Number\" value=\"\" type=\"tel\" name=\"your-phone\" \/><\/span> <\/label>\n<\/p>\n<p><label> Subject<br \/>\n<span class=\"wpcf7-form-control-wrap\" data-name=\"your-subject\"><input size=\"40\" maxlength=\"400\" class=\"wpcf7-form-control wpcf7-text wpcf7-validates-as-required\" aria-required=\"true\" aria-invalid=\"false\" value=\"\" type=\"text\" name=\"your-subject\" \/><\/span> <\/label>\n<\/p>\n<p><label> Your message (optional)<br \/>\n<span class=\"wpcf7-form-control-wrap\" data-name=\"your-message\"><textarea cols=\"40\" rows=\"10\" maxlength=\"2000\" class=\"wpcf7-form-control wpcf7-textarea\" aria-invalid=\"false\" name=\"your-message\"><\/textarea><\/span> <\/label>\n<\/p>\n<p><input class=\"wpcf7-form-control wpcf7-submit has-spinner\" type=\"submit\" value=\"Submit\" \/>\n<\/p><div class=\"wpcf7-response-output\" aria-hidden=\"true\"><\/div>\n<\/form>\n<\/div>\n[\/vc_column][\/vc_row]<\/p>\n<\/div>","protected":false},"excerpt":{"rendered":"<p>[vc_row bg_type=\u00a0\u00bbimage\u00a0\u00bb bg_image=\u00a0\u00bb465&Prime; header_feature=\u00a0\u00bbyes\u00a0\u00bb padding_top=\u00a0\u00bb200&Prime; padding_bottom=\u00a0\u00bb200&Prime;][vc_column width=\u00a0\u00bb1\/2&Prime;][vc_column_text]Les futurs parents entrent souvent dans un processus d\u2019adoption sans en conna\u00eetre le processus et les options disponible. Vous pouvez poser des questions sans [&hellip;]<\/p>\n","protected":false},"author":1,"featured_media":0,"parent":0,"menu_order":0,"comment_status":"open","ping_status":"open","template":"","meta":{"footnotes":""},"class_list":["post-292","page","type-page","status-publish","hentry"],"yoast_head":"<!-- This site is optimized with the Yoast SEO plugin v27.4 - https:\/\/yoast.com\/product\/yoast-seo-wordpress\/ -->\n<title>Grossesse non planifi\u00e9e - Adoption One<\/title>\n<meta name=\"description\" content=\"Si vous \u00eates enceintes d\u2019une grossesse non planifi\u00e9e et consid\u00e9rez placer votre b\u00e9b\u00e9 en adoption voici informations pertinentes. Parents qui veulent adopt\u00e9s\" \/>\n<meta name=\"robots\" content=\"index, follow, max-snippet:-1, max-image-preview:large, max-video-preview:-1\" \/>\n<link rel=\"canonical\" href=\"https:\/\/adoptionone.ca\/fr\/grossesse-non-planifiee\/\" \/>\n<meta property=\"og:locale\" content=\"fr_FR\" \/>\n<meta property=\"og:type\" content=\"article\" \/>\n<meta property=\"og:title\" content=\"Grossesse non planifi\u00e9e - Adoption One\" \/>\n<meta property=\"og:description\" content=\"Si vous \u00eates enceintes d\u2019une grossesse non planifi\u00e9e et consid\u00e9rez placer votre b\u00e9b\u00e9 en adoption voici informations pertinentes. Parents qui veulent adopt\u00e9s\" \/>\n<meta property=\"og:url\" content=\"https:\/\/adoptionone.ca\/fr\/grossesse-non-planifiee\/\" \/>\n<meta property=\"og:site_name\" content=\"Adoption One\" \/>\n<meta property=\"article:publisher\" content=\"https:\/\/www.facebook.com\/adoptionone\" \/>\n<meta property=\"article:modified_time\" content=\"2021-05-31T02:29:20+00:00\" \/>\n<meta property=\"og:image\" content=\"https:\/\/adoptionone.ca\/wp-content\/uploads\/2015\/07\/FacebookIcon.jpg\" \/>\n\t<meta property=\"og:image:width\" content=\"560\" \/>\n\t<meta property=\"og:image:height\" content=\"292\" \/>\n\t<meta property=\"og:image:type\" content=\"image\/jpeg\" \/>\n<meta name=\"twitter:label1\" content=\"Dur\u00e9e de lecture estim\u00e9e\" \/>\n\t<meta name=\"twitter:data1\" content=\"5 minutes\" \/>\n<script type=\"application\/ld+json\" class=\"yoast-schema-graph\">{\"@context\":\"https:\\\/\\\/schema.org\",\"@graph\":[{\"@type\":\"WebPage\",\"@id\":\"https:\\\/\\\/adoptionone.ca\\\/fr\\\/grossesse-non-planifiee\\\/\",\"url\":\"https:\\\/\\\/adoptionone.ca\\\/fr\\\/grossesse-non-planifiee\\\/\",\"name\":\"Grossesse non planifi\u00e9e - Adoption One\",\"isPartOf\":{\"@id\":\"https:\\\/\\\/adoptionone.ca\\\/#website\"},\"datePublished\":\"2015-06-08T16:04:00+00:00\",\"dateModified\":\"2021-05-31T02:29:20+00:00\",\"description\":\"Si vous \u00eates enceintes d\u2019une grossesse non planifi\u00e9e et consid\u00e9rez placer votre b\u00e9b\u00e9 en adoption voici informations pertinentes. Parents qui veulent adopt\u00e9s\",\"breadcrumb\":{\"@id\":\"https:\\\/\\\/adoptionone.ca\\\/fr\\\/grossesse-non-planifiee\\\/#breadcrumb\"},\"inLanguage\":\"fr-FR\",\"potentialAction\":[{\"@type\":\"ReadAction\",\"target\":[\"https:\\\/\\\/adoptionone.ca\\\/fr\\\/grossesse-non-planifiee\\\/\"]}]},{\"@type\":\"BreadcrumbList\",\"@id\":\"https:\\\/\\\/adoptionone.ca\\\/fr\\\/grossesse-non-planifiee\\\/#breadcrumb\",\"itemListElement\":[{\"@type\":\"ListItem\",\"position\":1,\"name\":\"Home\",\"item\":\"https:\\\/\\\/adoptionone.ca\\\/fr\\\/\"},{\"@type\":\"ListItem\",\"position\":2,\"name\":\"Grossesse non planifi\u00e9e\"}]},{\"@type\":\"WebSite\",\"@id\":\"https:\\\/\\\/adoptionone.ca\\\/#website\",\"url\":\"https:\\\/\\\/adoptionone.ca\\\/\",\"name\":\"Adoption One\",\"description\":\"\",\"potentialAction\":[{\"@type\":\"SearchAction\",\"target\":{\"@type\":\"EntryPoint\",\"urlTemplate\":\"https:\\\/\\\/adoptionone.ca\\\/?s={search_term_string}\"},\"query-input\":{\"@type\":\"PropertyValueSpecification\",\"valueRequired\":true,\"valueName\":\"search_term_string\"}}],\"inLanguage\":\"fr-FR\"}]}<\/script>\n<!-- \/ Yoast SEO plugin. -->","yoast_head_json":{"title":"Grossesse non planifi\u00e9e - Adoption One","description":"Si vous \u00eates enceintes d\u2019une grossesse non planifi\u00e9e et consid\u00e9rez placer votre b\u00e9b\u00e9 en adoption voici informations pertinentes. Parents qui veulent adopt\u00e9s","robots":{"index":"index","follow":"follow","max-snippet":"max-snippet:-1","max-image-preview":"max-image-preview:large","max-video-preview":"max-video-preview:-1"},"canonical":"https:\/\/adoptionone.ca\/fr\/grossesse-non-planifiee\/","og_locale":"fr_FR","og_type":"article","og_title":"Grossesse non planifi\u00e9e - Adoption One","og_description":"Si vous \u00eates enceintes d\u2019une grossesse non planifi\u00e9e et consid\u00e9rez placer votre b\u00e9b\u00e9 en adoption voici informations pertinentes. Parents qui veulent adopt\u00e9s","og_url":"https:\/\/adoptionone.ca\/fr\/grossesse-non-planifiee\/","og_site_name":"Adoption One","article_publisher":"https:\/\/www.facebook.com\/adoptionone","article_modified_time":"2021-05-31T02:29:20+00:00","og_image":[{"width":560,"height":292,"url":"https:\/\/adoptionone.ca\/wp-content\/uploads\/2015\/07\/FacebookIcon.jpg","type":"image\/jpeg"}],"twitter_misc":{"Dur\u00e9e de lecture estim\u00e9e":"5 minutes"},"schema":{"@context":"https:\/\/schema.org","@graph":[{"@type":"WebPage","@id":"https:\/\/adoptionone.ca\/fr\/grossesse-non-planifiee\/","url":"https:\/\/adoptionone.ca\/fr\/grossesse-non-planifiee\/","name":"Grossesse non planifi\u00e9e - Adoption One","isPartOf":{"@id":"https:\/\/adoptionone.ca\/#website"},"datePublished":"2015-06-08T16:04:00+00:00","dateModified":"2021-05-31T02:29:20+00:00","description":"Si vous \u00eates enceintes d\u2019une grossesse non planifi\u00e9e et consid\u00e9rez placer votre b\u00e9b\u00e9 en adoption voici informations pertinentes. Parents qui veulent adopt\u00e9s","breadcrumb":{"@id":"https:\/\/adoptionone.ca\/fr\/grossesse-non-planifiee\/#breadcrumb"},"inLanguage":"fr-FR","potentialAction":[{"@type":"ReadAction","target":["https:\/\/adoptionone.ca\/fr\/grossesse-non-planifiee\/"]}]},{"@type":"BreadcrumbList","@id":"https:\/\/adoptionone.ca\/fr\/grossesse-non-planifiee\/#breadcrumb","itemListElement":[{"@type":"ListItem","position":1,"name":"Home","item":"https:\/\/adoptionone.ca\/fr\/"},{"@type":"ListItem","position":2,"name":"Grossesse non planifi\u00e9e"}]},{"@type":"WebSite","@id":"https:\/\/adoptionone.ca\/#website","url":"https:\/\/adoptionone.ca\/","name":"Adoption One","description":"","potentialAction":[{"@type":"SearchAction","target":{"@type":"EntryPoint","urlTemplate":"https:\/\/adoptionone.ca\/?s={search_term_string}"},"query-input":{"@type":"PropertyValueSpecification","valueRequired":true,"valueName":"search_term_string"}}],"inLanguage":"fr-FR"}]}},"_links":{"self":[{"href":"https:\/\/adoptionone.ca\/fr\/wp-json\/wp\/v2\/pages\/292","targetHints":{"allow":["GET"]}}],"collection":[{"href":"https:\/\/adoptionone.ca\/fr\/wp-json\/wp\/v2\/pages"}],"about":[{"href":"https:\/\/adoptionone.ca\/fr\/wp-json\/wp\/v2\/types\/page"}],"author":[{"embeddable":true,"href":"https:\/\/adoptionone.ca\/fr\/wp-json\/wp\/v2\/users\/1"}],"replies":[{"embeddable":true,"href":"https:\/\/adoptionone.ca\/fr\/wp-json\/wp\/v2\/comments?post=292"}],"version-history":[{"count":13,"href":"https:\/\/adoptionone.ca\/fr\/wp-json\/wp\/v2\/pages\/292\/revisions"}],"predecessor-version":[{"id":1264,"href":"https:\/\/adoptionone.ca\/fr\/wp-json\/wp\/v2\/pages\/292\/revisions\/1264"}],"wp:attachment":[{"href":"https:\/\/adoptionone.ca\/fr\/wp-json\/wp\/v2\/media?parent=292"}],"curies":[{"name":"wp","href":"https:\/\/api.w.org\/{rel}","templated":true}]}}