{"id":290,"date":"2015-06-08T11:54:29","date_gmt":"2015-06-08T15:54:29","guid":{"rendered":"http:\/\/adoptionone.ca\/?page_id=290"},"modified":"2025-10-29T13:25:08","modified_gmt":"2025-10-29T17:25:08","slug":"a-propos-de-nous","status":"publish","type":"page","link":"https:\/\/adoptionone.ca\/fr\/a-propos-de-nous\/","title":{"rendered":"\u00c0 propos de nous"},"content":{"rendered":"<div class=\"wpb-content-wrapper\"><p>[vc_row][vc_column mobile_width=\u00a0\u00bb\u00a0\u00bb][vc_column_text animation=\u00a0\u00bbfadeInDown\u00a0\u00bb]<\/p>\n<h3 style=\"text-align: center;\"><span style=\"color: #333333;\">Adoption O.N.E. est le nom d&rsquo;entreprise de Justin Ellery, Licensi\u00e9 en adoption priv\u00e9e\u00a0situ\u00e9e \u00e0 Timmins, Ontario. Il est important pour nous d&rsquo;offrir des services d&rsquo;adoption confidentiels et personnalis\u00e9s aux parents biologiques et aux parents adoptifs. Notre but est de cr\u00e9er des familles par l\u2019entremise de l&rsquo;adoption.<\/span><\/h3>\n<h3 style=\"text-align: center;\"><span style=\"color: #656565;\">\u00a0<\/span><\/h3>\n<p>[\/vc_column_text][\/vc_column][\/vc_row][vc_row bg_type=\u00a0\u00bbcolor\u00a0\u00bb bg_color=\u00a0\u00bb#e8e8e8&Prime; padding_top=\u00a0\u00bb50&Prime; padding_bottom=\u00a0\u00bb50&Prime;][vc_column mobile_width=\u00a0\u00bb\u00a0\u00bb]<div class=\"grve-element grve-image-text\" style=\"\"><div class=\"grve-image\"><img loading=\"lazy\" decoding=\"async\" width=\"300\" height=\"300\" src=\"https:\/\/adoptionone.ca\/wp-content\/uploads\/2015\/05\/AdoptionONE_Justin.jpg\" class=\"attachment-full size-full\" alt=\"Justin - Team - Adoption O.N.E - Private Adoption Agency in Ontario\" srcset=\"https:\/\/adoptionone.ca\/wp-content\/uploads\/2015\/05\/AdoptionONE_Justin.jpg 300w, https:\/\/adoptionone.ca\/wp-content\/uploads\/2015\/05\/AdoptionONE_Justin-150x150.jpg 150w, https:\/\/adoptionone.ca\/wp-content\/uploads\/2015\/05\/AdoptionONE_Justin-80x80.jpg 80w\" sizes=\"auto, (max-width: 300px) 100vw, 300px\" \/><\/div>  <div class=\"grve-content grve-align-left\">    <h4>Justin Ellery, Titulaire de permis<\/h4>  <p><a href=\"mailto:justin@adoptionone.ca\">justin@adoptionone.ca<\/a><\/p>\n<p>Justin Ellery est avocat depuis 1986. Il est ensuite devenu membre de Ontario Association of Counsel for Children\u2019s Aid Societies. Justin a \u00e9t\u00e9 approuv\u00e9 comme Titulaire de permis pour l\u2019Adoption priv\u00e9e avec le Minist\u00e8re de Services \u00e0 l\u2019Enfance et des Services Sociaux et Communautaires en 1991. Il \u00e9tait aussi le Conseiller pour les services \u00e0 la protection de l&rsquo;enfance pour: Services \u00e0 la famille et \u00e0 l\u2019enfance du Nord-Est de l\u2019Ontario, Payukotayno Services familiaux de la baie James et de la baie d&rsquo;Hudson , Soci\u00e9t\u00e9 d&rsquo;aide \u00e0 l&rsquo;enfance des district de Sudbury, et Kunuwanimano Child &amp; Family Services.<\/p>\n<p>Justin s\u2019engage \u00e0 d\u00e9ployer ses MEILLEURS EFFORTS afin de vous fournir les meilleurs services possibles.<br \/>\n<\/p>  <\/div><\/div><div class=\"grve-element grve-hr grve-space-divider\" style=\"padding-top: 50px;\"><\/div><div class=\"grve-element grve-image-text\" style=\"\"><div class=\"grve-image\"><img loading=\"lazy\" decoding=\"async\" width=\"300\" height=\"300\" src=\"https:\/\/adoptionone.ca\/wp-content\/uploads\/2015\/05\/AdoptionONE_Mireille.jpg\" class=\"attachment-full size-full\" alt=\"Mireille - Team - Adoption O.N.E - Private Adoption Agency in Ontario\" srcset=\"https:\/\/adoptionone.ca\/wp-content\/uploads\/2015\/05\/AdoptionONE_Mireille.jpg 300w, https:\/\/adoptionone.ca\/wp-content\/uploads\/2015\/05\/AdoptionONE_Mireille-150x150.jpg 150w, https:\/\/adoptionone.ca\/wp-content\/uploads\/2015\/05\/AdoptionONE_Mireille-80x80.jpg 80w\" sizes=\"auto, (max-width: 300px) 100vw, 300px\" \/><\/div>  <div class=\"grve-content grve-align-left\">    <h4>Mireille Fortier, Travailleuse Sociale<\/h4>  <p><a href=\"mailto:mireille@adoptionone.ca\">mireille@adoptionone.ca<\/a><br \/>\nMireille est th\u00e9rapeute sp\u00e9cialis\u00e9e en adoption et en traumatisme.<\/p>\n<p>Mireille Fortier est en premier lieu m\u00e8re de deux merveilleux enfants. Elle est th\u00e9rapeute avec plusieurs ann\u00e9es d\u2019exp\u00e9rience en counselling individuel, de couple et de groupe. Elle est Travailleuse Sociale inscrite avec l\u2019Ordre des travailleurs sociaux et des techniciens en travail social de l\u2019Ontario depuis 2003. Mireille a aussi de l&rsquo;exp\u00e9rience en gestion, enseignement, r\u00e9seautage, planification et recherche.<\/p>\n<p>Ayant v\u00e9cu l&rsquo;adoption personnellement, Mireille a vite reconnu le besoin de services d&rsquo;adoption priv\u00e9s dans le Nord de l\u2019Ontario. Elle est fondatrice d&rsquo;Adoption O.N.E. Elle esp\u00e8re offrir plus d&rsquo;options aux parents qui choisissent l&rsquo;adoption pour leurs enfants et leur famille.<\/p>\n<p>Mireille souhaite offrir des services confidentiels et personnalis\u00e9s aux parents alors qu\u2019ils se pr\u00e9parent et poursuivent la d\u00e9cision la plus importante de leurs vies.<\/p>  <\/div><\/div><div class=\"grve-element grve-hr grve-space-divider\" style=\"padding-top: 50px;\"><\/div><div class=\"grve-element grve-image-text\" style=\"\"><div class=\"grve-image\"><img loading=\"lazy\" decoding=\"async\" width=\"300\" height=\"300\" src=\"https:\/\/adoptionone.ca\/wp-content\/uploads\/2015\/05\/AdoptionONE_Sheila.jpg\" class=\"attachment-full size-full\" alt=\"Sheila - Team - Adoption O.N.E - Private Adoption Agency in Ontario\" srcset=\"https:\/\/adoptionone.ca\/wp-content\/uploads\/2015\/05\/AdoptionONE_Sheila.jpg 300w, https:\/\/adoptionone.ca\/wp-content\/uploads\/2015\/05\/AdoptionONE_Sheila-150x150.jpg 150w, https:\/\/adoptionone.ca\/wp-content\/uploads\/2015\/05\/AdoptionONE_Sheila-80x80.jpg 80w\" sizes=\"auto, (max-width: 300px) 100vw, 300px\" \/><\/div>  <div class=\"grve-content grve-align-left\">    <h4>Sheila Palaszewski, Assistante<\/h4>  <p><a href=\"mailto:sheila@adoptionone.ca\">sheila@adoptionone.ca<\/a><\/p>\n<p>Sheila Palaszewski est Assistante juridique depuis 32 ans au cabinet Ellery, Ellery et Cogar et dans les 21 derni\u00e8res ann\u00e9es se d\u00e9voue comme assistante en adoption pour Justin.<\/p>\n<p>En plus de passer du temps en famille avec son mari, enfants et petits-enfants, Sheila aime bien le jardinage, la p\u00eache et le plein air.<\/p>\n<p>Sheila vous offre un service des plus professionnel et le sourire le plus gentil que vous puissiez esp\u00e9rer.<\/p>\n<p><\/p>  <\/div><\/div>[\/vc_column][\/vc_row][vc_row section_id=\u00a0\u00bbmission\u00a0\u00bb][vc_column mobile_width=\u00a0\u00bb\u00a0\u00bb][vc_column_text animation=\u00a0\u00bbfadeInUp\u00a0\u00bb]<\/p>\n<h2 style=\"text-align: center;\">NOTRE MISSION:<\/h2>\n<h4 style=\"text-align: center;\"><span style=\"color: #808080;\">Cr\u00e9er des familles par l&rsquo;entremise de l&rsquo;adoption.<br \/>\n<\/span><\/h4>\n<p>[\/vc_column_text]<div class=\"grve-element grve-hr grve-line-divider\" style=\"padding-top: 10px;padding-bottom: 10px;\"><\/div>[\/vc_column][\/vc_row][vc_row section_id=\u00a0\u00bbvaleurs\u00a0\u00bb][vc_column mobile_width=\u00a0\u00bb\u00a0\u00bb][vc_column_text animation=\u00a0\u00bbfadeInUp\u00a0\u00bb]<\/p>\n<h2 style=\"text-align: center;\">NOS VALEURS:<\/h2>\n<h4 style=\"text-align: center;\"><span style=\"color: #808080;\">Nous engageons \u00e0 offrir des services d&rsquo;adoption personnalis\u00e9s et confidentiels aux parents biologiques et aux parents adoptifs. Nous nous engageons \u00e0 faire de NOTRE MIEUX afin de vous fournir les meilleurs services possibles.<\/span><\/h4>\n<h4 style=\"text-align: center;\"><span style=\"color: #808080;\">\u00a0<\/span><\/h4>\n<p>[\/vc_column_text][\/vc_column][\/vc_row]<\/p>\n<\/div>","protected":false},"excerpt":{"rendered":"<p>[vc_row][vc_column mobile_width=\u00a0\u00bb\u00a0\u00bb][vc_column_text animation=\u00a0\u00bbfadeInDown\u00a0\u00bb] Adoption O.N.E. est le nom d&rsquo;entreprise de Justin Ellery, Licensi\u00e9 en adoption priv\u00e9e\u00a0situ\u00e9e \u00e0 Timmins, Ontario. Il est important pour nous d&rsquo;offrir des services d&rsquo;adoption confidentiels et [&hellip;]<\/p>\n","protected":false},"author":1,"featured_media":0,"parent":0,"menu_order":0,"comment_status":"open","ping_status":"open","template":"","meta":{"footnotes":""},"class_list":["post-290","page","type-page","status-publish","hentry"],"yoast_head":"<!-- This site is optimized with the Yoast SEO plugin v27.4 - https:\/\/yoast.com\/product\/yoast-seo-wordpress\/ -->\n<title>\u00c0 propos de nous - Adoption One<\/title>\n<meta name=\"description\" content=\"Adoption ONE - Ontario Nord Est agence d\u2019adoption priv\u00e9e \u00e0 Timmins, Ontario. Nous offrons des services confidentiels et personnalis\u00e9s. Titulaire de permis.\" \/>\n<meta name=\"robots\" content=\"index, follow, max-snippet:-1, max-image-preview:large, max-video-preview:-1\" \/>\n<link rel=\"canonical\" href=\"https:\/\/adoptionone.ca\/fr\/a-propos-de-nous\/\" \/>\n<meta property=\"og:locale\" content=\"fr_FR\" \/>\n<meta property=\"og:type\" content=\"article\" \/>\n<meta property=\"og:title\" content=\"\u00c0 propos de nous - Adoption One\" \/>\n<meta property=\"og:description\" content=\"Adoption ONE - Ontario Nord Est agence d\u2019adoption priv\u00e9e \u00e0 Timmins, Ontario. Nous offrons des services confidentiels et personnalis\u00e9s. Titulaire de permis.\" \/>\n<meta property=\"og:url\" content=\"https:\/\/adoptionone.ca\/fr\/a-propos-de-nous\/\" \/>\n<meta property=\"og:site_name\" content=\"Adoption One\" \/>\n<meta property=\"article:publisher\" content=\"https:\/\/www.facebook.com\/adoptionone\" \/>\n<meta property=\"article:modified_time\" content=\"2025-10-29T17:25:08+00:00\" \/>\n<meta property=\"og:image\" content=\"https:\/\/adoptionone.ca\/wp-content\/uploads\/2015\/07\/FacebookIcon.jpg\" \/>\n\t<meta property=\"og:image:width\" content=\"560\" \/>\n\t<meta property=\"og:image:height\" content=\"292\" \/>\n\t<meta property=\"og:image:type\" content=\"image\/jpeg\" \/>\n<meta name=\"twitter:label1\" content=\"Dur\u00e9e de lecture estim\u00e9e\" \/>\n\t<meta name=\"twitter:data1\" content=\"3 minutes\" \/>\n<script type=\"application\/ld+json\" class=\"yoast-schema-graph\">{\"@context\":\"https:\\\/\\\/schema.org\",\"@graph\":[{\"@type\":\"WebPage\",\"@id\":\"https:\\\/\\\/adoptionone.ca\\\/fr\\\/a-propos-de-nous\\\/\",\"url\":\"https:\\\/\\\/adoptionone.ca\\\/fr\\\/a-propos-de-nous\\\/\",\"name\":\"\u00c0 propos de nous - Adoption One\",\"isPartOf\":{\"@id\":\"https:\\\/\\\/adoptionone.ca\\\/#website\"},\"datePublished\":\"2015-06-08T15:54:29+00:00\",\"dateModified\":\"2025-10-29T17:25:08+00:00\",\"description\":\"Adoption ONE - Ontario Nord Est agence d\u2019adoption priv\u00e9e \u00e0 Timmins, Ontario. Nous offrons des services confidentiels et personnalis\u00e9s. Titulaire de permis.\",\"breadcrumb\":{\"@id\":\"https:\\\/\\\/adoptionone.ca\\\/fr\\\/a-propos-de-nous\\\/#breadcrumb\"},\"inLanguage\":\"fr-FR\",\"potentialAction\":[{\"@type\":\"ReadAction\",\"target\":[\"https:\\\/\\\/adoptionone.ca\\\/fr\\\/a-propos-de-nous\\\/\"]}]},{\"@type\":\"BreadcrumbList\",\"@id\":\"https:\\\/\\\/adoptionone.ca\\\/fr\\\/a-propos-de-nous\\\/#breadcrumb\",\"itemListElement\":[{\"@type\":\"ListItem\",\"position\":1,\"name\":\"Home\",\"item\":\"https:\\\/\\\/adoptionone.ca\\\/fr\\\/\"},{\"@type\":\"ListItem\",\"position\":2,\"name\":\"\u00c0 propos de nous\"}]},{\"@type\":\"WebSite\",\"@id\":\"https:\\\/\\\/adoptionone.ca\\\/#website\",\"url\":\"https:\\\/\\\/adoptionone.ca\\\/\",\"name\":\"Adoption One\",\"description\":\"\",\"potentialAction\":[{\"@type\":\"SearchAction\",\"target\":{\"@type\":\"EntryPoint\",\"urlTemplate\":\"https:\\\/\\\/adoptionone.ca\\\/?s={search_term_string}\"},\"query-input\":{\"@type\":\"PropertyValueSpecification\",\"valueRequired\":true,\"valueName\":\"search_term_string\"}}],\"inLanguage\":\"fr-FR\"}]}<\/script>\n<!-- \/ Yoast SEO plugin. -->","yoast_head_json":{"title":"\u00c0 propos de nous - Adoption One","description":"Adoption ONE - Ontario Nord Est agence d\u2019adoption priv\u00e9e \u00e0 Timmins, Ontario. Nous offrons des services confidentiels et personnalis\u00e9s. Titulaire de permis.","robots":{"index":"index","follow":"follow","max-snippet":"max-snippet:-1","max-image-preview":"max-image-preview:large","max-video-preview":"max-video-preview:-1"},"canonical":"https:\/\/adoptionone.ca\/fr\/a-propos-de-nous\/","og_locale":"fr_FR","og_type":"article","og_title":"\u00c0 propos de nous - Adoption One","og_description":"Adoption ONE - Ontario Nord Est agence d\u2019adoption priv\u00e9e \u00e0 Timmins, Ontario. Nous offrons des services confidentiels et personnalis\u00e9s. Titulaire de permis.","og_url":"https:\/\/adoptionone.ca\/fr\/a-propos-de-nous\/","og_site_name":"Adoption One","article_publisher":"https:\/\/www.facebook.com\/adoptionone","article_modified_time":"2025-10-29T17:25:08+00:00","og_image":[{"width":560,"height":292,"url":"https:\/\/adoptionone.ca\/wp-content\/uploads\/2015\/07\/FacebookIcon.jpg","type":"image\/jpeg"}],"twitter_misc":{"Dur\u00e9e de lecture estim\u00e9e":"3 minutes"},"schema":{"@context":"https:\/\/schema.org","@graph":[{"@type":"WebPage","@id":"https:\/\/adoptionone.ca\/fr\/a-propos-de-nous\/","url":"https:\/\/adoptionone.ca\/fr\/a-propos-de-nous\/","name":"\u00c0 propos de nous - Adoption One","isPartOf":{"@id":"https:\/\/adoptionone.ca\/#website"},"datePublished":"2015-06-08T15:54:29+00:00","dateModified":"2025-10-29T17:25:08+00:00","description":"Adoption ONE - Ontario Nord Est agence d\u2019adoption priv\u00e9e \u00e0 Timmins, Ontario. Nous offrons des services confidentiels et personnalis\u00e9s. Titulaire de permis.","breadcrumb":{"@id":"https:\/\/adoptionone.ca\/fr\/a-propos-de-nous\/#breadcrumb"},"inLanguage":"fr-FR","potentialAction":[{"@type":"ReadAction","target":["https:\/\/adoptionone.ca\/fr\/a-propos-de-nous\/"]}]},{"@type":"BreadcrumbList","@id":"https:\/\/adoptionone.ca\/fr\/a-propos-de-nous\/#breadcrumb","itemListElement":[{"@type":"ListItem","position":1,"name":"Home","item":"https:\/\/adoptionone.ca\/fr\/"},{"@type":"ListItem","position":2,"name":"\u00c0 propos de nous"}]},{"@type":"WebSite","@id":"https:\/\/adoptionone.ca\/#website","url":"https:\/\/adoptionone.ca\/","name":"Adoption One","description":"","potentialAction":[{"@type":"SearchAction","target":{"@type":"EntryPoint","urlTemplate":"https:\/\/adoptionone.ca\/?s={search_term_string}"},"query-input":{"@type":"PropertyValueSpecification","valueRequired":true,"valueName":"search_term_string"}}],"inLanguage":"fr-FR"}]}},"_links":{"self":[{"href":"https:\/\/adoptionone.ca\/fr\/wp-json\/wp\/v2\/pages\/290","targetHints":{"allow":["GET"]}}],"collection":[{"href":"https:\/\/adoptionone.ca\/fr\/wp-json\/wp\/v2\/pages"}],"about":[{"href":"https:\/\/adoptionone.ca\/fr\/wp-json\/wp\/v2\/types\/page"}],"author":[{"embeddable":true,"href":"https:\/\/adoptionone.ca\/fr\/wp-json\/wp\/v2\/users\/1"}],"replies":[{"embeddable":true,"href":"https:\/\/adoptionone.ca\/fr\/wp-json\/wp\/v2\/comments?post=290"}],"version-history":[{"count":6,"href":"https:\/\/adoptionone.ca\/fr\/wp-json\/wp\/v2\/pages\/290\/revisions"}],"predecessor-version":[{"id":1993,"href":"https:\/\/adoptionone.ca\/fr\/wp-json\/wp\/v2\/pages\/290\/revisions\/1993"}],"wp:attachment":[{"href":"https:\/\/adoptionone.ca\/fr\/wp-json\/wp\/v2\/media?parent=290"}],"curies":[{"name":"wp","href":"https:\/\/api.w.org\/{rel}","templated":true}]}}